{"id":526,"date":"2024-04-26T13:15:15","date_gmt":"2024-04-26T13:15:15","guid":{"rendered":"https:\/\/cyfryzacja.org\/?page_id=526"},"modified":"2026-03-21T08:33:18","modified_gmt":"2026-03-21T08:33:18","slug":"projekty","status":"publish","type":"page","link":"https:\/\/cyfryzacja.org\/en\/projekty\/","title":{"rendered":"Projects"},"content":{"rendered":"<div class=\"wp-block-columns is-layout-flex wp-container-core-columns-is-layout-28f84493 wp-block-columns-is-layout-flex\">\n<div class=\"wp-block-column is-layout-flow wp-block-column-is-layout-flow\" style=\"flex-basis:100%\">\n<div class=\"wp-block-columns is-layout-flex wp-container-core-columns-is-layout-28f84493 wp-block-columns-is-layout-flex\">\n<div class=\"wp-block-column is-layout-flow wp-block-column-is-layout-flow\" style=\"flex-basis:100%\">\n<div class=\"wp-block-group has-global-padding is-layout-constrained wp-block-group-is-layout-constrained\">\n<h2 class=\"wp-block-heading has-text-align-left\">Our projects<\/h2>\n\n\n\n<div class=\"wp-block-columns is-layout-flex wp-container-core-columns-is-layout-28f84493 wp-block-columns-is-layout-flex\">\n<div class=\"wp-block-column is-vertically-aligned-top is-layout-flow wp-block-column-is-layout-flow\">\n<p>Projects undertaken or initiated by PTC are becoming an increasingly significant part of our portfolio. Each of them, in some aspect, fulfills the mission of our organization. In our initiatives, we prefer a strategic and comprehensive approach to problem-solving.<\/p>\n\n\n\n<p>We are constantly working on new concepts and ventures in research, education and strategic planning. Our track record includes a number of concepts awaiting implementation or business implementation. We are eager to build partnerships and advise on development ventures and new business models. Below we present brief characteristics of those projects that have received funding, ended successfully or are in the process of implementation.<\/p>\n<\/div>\n<\/div>\n\n\n\n<hr class=\"wp-block-separator has-alpha-channel-opacity is-style-wide\"\/>\n\n\n\n<div class=\"wp-block-columns is-layout-flex wp-container-core-columns-is-layout-28f84493 wp-block-columns-is-layout-flex\">\n<div class=\"wp-block-column is-layout-flow wp-block-column-is-layout-flow\" style=\"flex-basis:100%\"><\/div>\n<\/div>\n\n\n\n<div class=\"wp-block-columns is-layout-flex wp-container-core-columns-is-layout-28f84493 wp-block-columns-is-layout-flex\">\n<div class=\"wp-block-column is-layout-flow wp-block-column-is-layout-flow\">\n<h2 class=\"wp-block-heading\">The digcomp.pl project<\/h2>\n<\/div>\n\n\n\n<div class=\"wp-block-column is-layout-flow wp-block-column-is-layout-flow\">\n<figure class=\"wp-block-image size-full\"><img loading=\"lazy\" decoding=\"async\" width=\"768\" height=\"707\" src=\"https:\/\/cyfryzacja.org\/wp-content\/uploads\/2026\/03\/digcomp.jpg\" alt=\"\" class=\"wp-image-3368\" srcset=\"https:\/\/cyfryzacja.org\/wp-content\/uploads\/2026\/03\/digcomp.jpg 768w, https:\/\/cyfryzacja.org\/wp-content\/uploads\/2026\/03\/digcomp-300x276.jpg 300w, https:\/\/cyfryzacja.org\/wp-content\/uploads\/2026\/03\/digcomp-13x12.jpg 13w\" sizes=\"auto, (max-width: 768px) 100vw, 768px\" \/><\/figure>\n<\/div>\n<\/div>\n\n\n\n<p>Digital skills tailored precisely to the needs of the labour market and new business models are a key mechanism enabling organisations in the new technology sector to build resilience. <\/p>\n\n\n\n<p>In collaboration with the social partners, we have been systematically developing the area of digital skills for many years, providing appropriate research and technical support. Our work in this field has given rise to numerous spin-off initiatives, which are now emerging on the training and certification market.<\/p>\n\n\n\n<p class=\"has-text-align-right\"><a href=\"https:\/\/www.digcomp.pl\">https:\/\/www.digcomp.pl<\/a><\/p>\n\n\n\n<hr class=\"wp-block-separator has-alpha-channel-opacity is-style-wide\"\/>\n\n\n\n<div class=\"wp-block-columns is-layout-flex wp-container-core-columns-is-layout-28f84493 wp-block-columns-is-layout-flex\">\n<div class=\"wp-block-column is-layout-flow wp-block-column-is-layout-flow\">\n<h3 class=\"wp-block-heading\"><strong>Polish Digital Resilience Agenda 2040 -Model of strategic preparation for the antinomies of digitization<\/strong><\/h3>\n\n\n\n<p><\/p>\n<\/div>\n\n\n\n<div class=\"wp-block-column is-layout-flow wp-block-column-is-layout-flow\">\n<figure class=\"wp-block-image size-full is-resized is-style-rounded is-style-rounded--1\"><img loading=\"lazy\" decoding=\"async\" width=\"1024\" height=\"1024\" src=\"http:\/\/cyfryzacja.org\/wp-content\/uploads\/2024\/05\/odpornosc-cyforwa-2040.jpeg\" alt=\"\" class=\"wp-image-1989\" style=\"width:304px;height:auto\" srcset=\"https:\/\/cyfryzacja.org\/wp-content\/uploads\/2024\/05\/odpornosc-cyforwa-2040.jpeg 1024w, https:\/\/cyfryzacja.org\/wp-content\/uploads\/2024\/05\/odpornosc-cyforwa-2040-300x300.jpeg 300w, https:\/\/cyfryzacja.org\/wp-content\/uploads\/2024\/05\/odpornosc-cyforwa-2040-150x150.jpeg 150w, https:\/\/cyfryzacja.org\/wp-content\/uploads\/2024\/05\/odpornosc-cyforwa-2040-768x768.jpeg 768w, https:\/\/cyfryzacja.org\/wp-content\/uploads\/2024\/05\/odpornosc-cyforwa-2040-12x12.jpeg 12w\" sizes=\"auto, (max-width: 1024px) 100vw, 1024px\" \/><\/figure>\n<\/div>\n<\/div>\n\n\n\n<p>The role of the project is to make a set of predictive studies on the impact of automation and digitization on key areas of the state and its institutions.<\/p>\n\n\n\n<p>The goals of the project are:<\/p>\n\n\n\n<ul class=\"wp-block-list\">\n<li>Minimize potential risks associated with the dynamic impact of the digitization process on key areas of the functioning of the socio-economic system in Poland by 2040 by conducting in-depth research and analysis using a scenario approach;<\/li>\n\n\n\n<li>Developing the assumptions of the Polish Digital Resilience Agenda 2040 - in the form of a report containing the results of research on potential technological, social and economic phenomena that are the consequences of digitization and automation. The report will include proposals for strategic actions and initiatives to increase resilience to the antinomies of digitization.<\/li>\n<\/ul>\n\n\n\n<div class=\"wp-block-buttons is-content-justification-right is-layout-flex wp-container-core-buttons-is-layout-d445cf74 wp-block-buttons-is-layout-flex\">\n<div class=\"wp-block-button\"><a class=\"wp-block-button__link wp-element-button\" href=\"https:\/\/cyfryzacja.org\/en\/polska-agenda-odpornosci-cyfrowej-2040\/#opis-agenda\">wi\u0119cej o projekcie<\/a><\/div>\n<\/div>\n\n\n\n<hr class=\"wp-block-separator has-alpha-channel-opacity is-style-wide\"\/>\n\n\n\n<div class=\"wp-block-columns is-layout-flex wp-container-core-columns-is-layout-28f84493 wp-block-columns-is-layout-flex\">\n<div class=\"wp-block-column is-layout-flow wp-block-column-is-layout-flow\">\n<h3 class=\"wp-block-heading\"><strong>System for evaluating research for its potential to create new business models<\/strong><\/h3>\n\n\n\n<p><\/p>\n<\/div>\n\n\n\n<div class=\"wp-block-column is-layout-flow wp-block-column-is-layout-flow\">\n<figure class=\"wp-block-image size-large is-resized is-style-rounded is-style-rounded--2\"><img loading=\"lazy\" decoding=\"async\" width=\"1024\" height=\"683\" src=\"http:\/\/cyfryzacja.org\/wp-content\/uploads\/2024\/04\/pexels-lribeirofotografia-2249290-1024x683.jpeg\" alt=\"\" class=\"wp-image-1725\" style=\"width:299px;height:auto\" srcset=\"https:\/\/cyfryzacja.org\/wp-content\/uploads\/2024\/04\/pexels-lribeirofotografia-2249290-1024x683.jpeg 1024w, https:\/\/cyfryzacja.org\/wp-content\/uploads\/2024\/04\/pexels-lribeirofotografia-2249290-300x200.jpeg 300w, https:\/\/cyfryzacja.org\/wp-content\/uploads\/2024\/04\/pexels-lribeirofotografia-2249290-768x512.jpeg 768w, https:\/\/cyfryzacja.org\/wp-content\/uploads\/2024\/04\/pexels-lribeirofotografia-2249290-1536x1024.jpeg 1536w, https:\/\/cyfryzacja.org\/wp-content\/uploads\/2024\/04\/pexels-lribeirofotografia-2249290-18x12.jpeg 18w, https:\/\/cyfryzacja.org\/wp-content\/uploads\/2024\/04\/pexels-lribeirofotografia-2249290.jpeg 1920w\" sizes=\"auto, (max-width: 1024px) 100vw, 1024px\" \/><\/figure>\n<\/div>\n<\/div>\n\n\n\n<p class=\"translation-block\">The basic idea of the project is to find a mechanism for creating new business models based, on the one hand, on the existing, often unconscious potential, and, on the other hand, based on solid reasons for business success.\nEvery enterprise needs a \"plan b\", i.e. a potential alternative business model based on its potential. Reality forces us to seek new, unprecedented and alternative forms of entrepreneurial support.\nInaction in this regard can result in significant, often uncontrollable, changes in the social structure, a large number of bankruptcies and increased migration, and thus the disintegration of the social fabric itself. Businesses are a pillar of this fabric, making it a matter of public policy to increase their competitiveness on the basis of their potential.\nAn often underestimated threat is the process of mass digitization, which can lead to significant negative changes in the structure of enterprises. Implementation of the project's objective can offset the negative effects of this phenomenon.<\/p>\n\n\n\n<p class=\"has-text-align-right\">Wi\u0119cej o projekcie na stronie&nbsp;<a href=\"http:\/\/www.ideebiznesowe.pl\">ideebiznesowe.pl<\/a><\/p>\n\n\n\n<hr class=\"wp-block-separator has-alpha-channel-opacity is-style-wide\"\/>\n\n\n\n<p><\/p>\n\n\n\n<div class=\"wp-block-columns is-layout-flex wp-container-core-columns-is-layout-28f84493 wp-block-columns-is-layout-flex\">\n<div class=\"wp-block-column is-layout-flow wp-block-column-is-layout-flow\">\n<h3 class=\"wp-block-heading\"><strong>Cyfro aktywni<\/strong><\/h3>\n\n\n\n<p>W dniu 01.11.2023 r. rozpocz\u0119li\u015bmy realizacj\u0119 projektu &#8222;Cyfrowo aktywni&#8221;, kt\u00f3ry jest dofinansowany w ramach Dzia\u0142ania 10.6 &#8211; Uczenie si\u0119 os\u00f3b doros\u0142ych &#8211; Priorytetu X &#8222;Lepsza edukacja&#8221; &#8211; programu Fundusze Europejskie dla Lubelskiego 2021-2027.<br>Serdecznie zapraszamy osoby chc\u0105ce podnie\u015b\u0107 swoje kompetencje cyfrowe do udzia\u0142u w projekcie.<\/p>\n<\/div>\n\n\n\n<div class=\"wp-block-column is-layout-flow wp-block-column-is-layout-flow\">\n<figure class=\"wp-block-image size-large is-resized is-style-rounded is-style-rounded--3\"><img loading=\"lazy\" decoding=\"async\" width=\"1024\" height=\"683\" src=\"http:\/\/cyfryzacja.org\/wp-content\/uploads\/2024\/04\/pexels-fauxels-3183150-scaled-1-1024x683.jpeg\" alt=\"\" class=\"wp-image-1836\" style=\"width:392px;height:auto\" srcset=\"https:\/\/cyfryzacja.org\/wp-content\/uploads\/2024\/04\/pexels-fauxels-3183150-scaled-1-1024x683.jpeg 1024w, https:\/\/cyfryzacja.org\/wp-content\/uploads\/2024\/04\/pexels-fauxels-3183150-scaled-1-300x200.jpeg 300w, https:\/\/cyfryzacja.org\/wp-content\/uploads\/2024\/04\/pexels-fauxels-3183150-scaled-1-768x512.jpeg 768w, https:\/\/cyfryzacja.org\/wp-content\/uploads\/2024\/04\/pexels-fauxels-3183150-scaled-1-1536x1025.jpeg 1536w, https:\/\/cyfryzacja.org\/wp-content\/uploads\/2024\/04\/pexels-fauxels-3183150-scaled-1-2048x1366.jpeg 2048w, https:\/\/cyfryzacja.org\/wp-content\/uploads\/2024\/04\/pexels-fauxels-3183150-scaled-1-18x12.jpeg 18w\" sizes=\"auto, (max-width: 1024px) 100vw, 1024px\" \/><\/figure>\n<\/div>\n<\/div>\n\n\n\n<figure class=\"wp-block-image size-large\"><img loading=\"lazy\" decoding=\"async\" width=\"1024\" height=\"361\" src=\"https:\/\/cyfryzacja.org\/wp-content\/uploads\/2024\/05\/Cyfrowo_aktywni__Obszar-roboczy-1-1024x361.jpg\" alt=\"\" class=\"wp-image-2266\" srcset=\"https:\/\/cyfryzacja.org\/wp-content\/uploads\/2024\/05\/Cyfrowo_aktywni__Obszar-roboczy-1-1024x361.jpg 1024w, https:\/\/cyfryzacja.org\/wp-content\/uploads\/2024\/05\/Cyfrowo_aktywni__Obszar-roboczy-1-300x106.jpg 300w, https:\/\/cyfryzacja.org\/wp-content\/uploads\/2024\/05\/Cyfrowo_aktywni__Obszar-roboczy-1-768x271.jpg 768w, https:\/\/cyfryzacja.org\/wp-content\/uploads\/2024\/05\/Cyfrowo_aktywni__Obszar-roboczy-1-18x6.jpg 18w, https:\/\/cyfryzacja.org\/wp-content\/uploads\/2024\/05\/Cyfrowo_aktywni__Obszar-roboczy-1.jpg 1182w\" sizes=\"auto, (max-width: 1024px) 100vw, 1024px\" \/><\/figure>\n\n\n\n<p><\/p>\n\n\n\n<figure class=\"wp-block-image size-large\"><img loading=\"lazy\" decoding=\"async\" width=\"1024\" height=\"196\" src=\"https:\/\/cyfryzacja.org\/wp-content\/uploads\/2024\/05\/EFRR_kolor-poziom-REACT-EU-1024x196.jpg\" alt=\"\" class=\"wp-image-2269\" srcset=\"https:\/\/cyfryzacja.org\/wp-content\/uploads\/2024\/05\/EFRR_kolor-poziom-REACT-EU-1024x196.jpg 1024w, https:\/\/cyfryzacja.org\/wp-content\/uploads\/2024\/05\/EFRR_kolor-poziom-REACT-EU-300x57.jpg 300w, https:\/\/cyfryzacja.org\/wp-content\/uploads\/2024\/05\/EFRR_kolor-poziom-REACT-EU-768x147.jpg 768w, https:\/\/cyfryzacja.org\/wp-content\/uploads\/2024\/05\/EFRR_kolor-poziom-REACT-EU-1536x293.jpg 1536w, https:\/\/cyfryzacja.org\/wp-content\/uploads\/2024\/05\/EFRR_kolor-poziom-REACT-EU-2048x391.jpg 2048w, https:\/\/cyfryzacja.org\/wp-content\/uploads\/2024\/05\/EFRR_kolor-poziom-REACT-EU-18x3.jpg 18w\" sizes=\"auto, (max-width: 1024px) 100vw, 1024px\" \/><\/figure>\n\n\n\n<div class=\"wp-block-buttons is-content-justification-right is-layout-flex wp-container-core-buttons-is-layout-d445cf74 wp-block-buttons-is-layout-flex\">\n<div class=\"wp-block-button\"><a class=\"wp-block-button__link wp-element-button\" href=\"https:\/\/ptcyfrowe.blogspot.com\/p\/cyfrowo-aktywni.html\">wi\u0119cej o projekcie<\/a><\/div>\n<\/div>\n\n\n\n<hr class=\"wp-block-separator has-alpha-channel-opacity is-style-wide\"\/>\n\n\n\n<div class=\"wp-block-columns is-layout-flex wp-container-core-columns-is-layout-28f84493 wp-block-columns-is-layout-flex\">\n<div class=\"wp-block-column is-layout-flow wp-block-column-is-layout-flow\">\n<h3 class=\"wp-block-heading\"><strong>Research on a system for adapting the offer of vocational education to the needs of local labour markets using predictive methods and techniques<\/strong><\/h3>\n\n\n\n<p><\/p>\n<\/div>\n\n\n\n<div class=\"wp-block-column is-layout-flow wp-block-column-is-layout-flow\">\n<figure class=\"wp-block-image size-large is-resized is-style-rounded is-style-rounded--4\"><img loading=\"lazy\" decoding=\"async\" width=\"1024\" height=\"768\" src=\"http:\/\/cyfryzacja.org\/wp-content\/uploads\/2024\/05\/1716583179123-1024x768.jpg\" alt=\"\" class=\"wp-image-2280\" style=\"width:401px;height:auto\" srcset=\"https:\/\/cyfryzacja.org\/wp-content\/uploads\/2024\/05\/1716583179123-1024x768.jpg 1024w, https:\/\/cyfryzacja.org\/wp-content\/uploads\/2024\/05\/1716583179123-300x225.jpg 300w, https:\/\/cyfryzacja.org\/wp-content\/uploads\/2024\/05\/1716583179123-768x576.jpg 768w, https:\/\/cyfryzacja.org\/wp-content\/uploads\/2024\/05\/1716583179123-1536x1152.jpg 1536w, https:\/\/cyfryzacja.org\/wp-content\/uploads\/2024\/05\/1716583179123-16x12.jpg 16w, https:\/\/cyfryzacja.org\/wp-content\/uploads\/2024\/05\/1716583179123.jpg 1600w\" sizes=\"auto, (max-width: 1024px) 100vw, 1024px\" \/><\/figure>\n<\/div>\n<\/div>\n\n\n\n<h5 class=\"wp-block-heading\">Another project initiated and designed by PTC. This time, it focuses on vocational education and its optimisation as a key pillar of digital resilience. <\/h5>\n\n\n\n<blockquote class=\"wp-block-quote has-text-align-left is-layout-flow wp-block-quote-is-layout-flow\">\n<p class=\"has-medium-font-size\">&#8222;<em>Our task is both extremely interesting and challenging to carry out, as no one in Poland has ever approached the subject of vocational education in this way before. On the one hand, we use existing data, reports and findings from research; on the other, these are supplemented by scenarios and predictions regarding the possible directions in which changes may unfold, and the direction in which the demand for future skills will go&nbsp;<\/em>\u2013 explained Dr Jakub Koper, Deputy Director of the Educational Research Institute. The project will run until mid-2026. By then, we will see the results of the work carried out as part of the project led by the Zamo\u015b\u0107 Academy, the Educational Research Institute and the Polish Digital Society.\u201d<\/p>\n<cite><a href=\"https:\/\/www.kwalifikacje.akademiazamojska.edu.pl\/\">https:\/\/www.kwalifikacje.akademiazamojska.edu.pl\/<\/a><\/cite><\/blockquote>\n\n\n\n<hr class=\"wp-block-separator has-alpha-channel-opacity is-style-wide\"\/>\n<\/div>\n<\/div>\n<\/div>\n<\/div>\n<\/div>\n\n\n\n<p><\/p>\n\n\n\n<p><\/p>\n\n\n\n<p><\/p>","protected":false},"excerpt":{"rendered":"<p>Nasze projekty Projekty realizowane lub zainicjowane przez PTC zaczynaj\u0105 stanowi\u0107 coraz wi\u0119ksz\u0105 cz\u0119\u015b\u0107 naszego dorobku. Ka\u017cdy z nich w jakim\u015b aspekcie realizuje misj\u0119 naszej organizacji. W naszych inicjatywach preferujemy podej\u015bcie strategiczne i kompleksowe rozwi\u0105zywanie problem\u00f3w. Wci\u0105\u017c pracujemy nad nowymi koncepcjami i przedsi\u0119wzi\u0119ciami z zakresu bada\u0144, edukacji i planowania strategicznego. W naszym dorobku znajduje si\u0119 szereg [&hellip;]<\/p>\n","protected":false},"author":4,"featured_media":2989,"parent":0,"menu_order":0,"comment_status":"closed","ping_status":"closed","template":"","meta":{"footnotes":""},"class_list":["post-526","page","type-page","status-publish","has-post-thumbnail","hentry"],"_links":{"self":[{"href":"https:\/\/cyfryzacja.org\/en\/wp-json\/wp\/v2\/pages\/526","targetHints":{"allow":["GET"]}}],"collection":[{"href":"https:\/\/cyfryzacja.org\/en\/wp-json\/wp\/v2\/pages"}],"about":[{"href":"https:\/\/cyfryzacja.org\/en\/wp-json\/wp\/v2\/types\/page"}],"author":[{"embeddable":true,"href":"https:\/\/cyfryzacja.org\/en\/wp-json\/wp\/v2\/users\/4"}],"replies":[{"embeddable":true,"href":"https:\/\/cyfryzacja.org\/en\/wp-json\/wp\/v2\/comments?post=526"}],"version-history":[{"count":116,"href":"https:\/\/cyfryzacja.org\/en\/wp-json\/wp\/v2\/pages\/526\/revisions"}],"predecessor-version":[{"id":3369,"href":"https:\/\/cyfryzacja.org\/en\/wp-json\/wp\/v2\/pages\/526\/revisions\/3369"}],"wp:featuredmedia":[{"embeddable":true,"href":"https:\/\/cyfryzacja.org\/en\/wp-json\/wp\/v2\/media\/2989"}],"wp:attachment":[{"href":"https:\/\/cyfryzacja.org\/en\/wp-json\/wp\/v2\/media?parent=526"}],"curies":[{"name":"wp","href":"https:\/\/api.w.org\/{rel}","templated":true}]}}