{"id":525,"date":"2024-04-25T12:19:53","date_gmt":"2024-04-25T12:19:53","guid":{"rendered":"https:\/\/cyfryzacja.org\/?page_id=525"},"modified":"2026-03-26T08:44:25","modified_gmt":"2026-03-26T08:44:25","slug":"o-nas","status":"publish","type":"page","link":"https:\/\/cyfryzacja.org\/en\/o-nas\/","title":{"rendered":"About us"},"content":{"rendered":"<div class=\"wp-block-group has-global-padding is-layout-constrained wp-container-core-group-is-layout-129d7f79 wp-block-group-is-layout-constrained\">\n<div class=\"wp-block-group is-vertical is-layout-flex wp-container-core-group-is-layout-fe9cc265 wp-block-group-is-layout-flex\">\n<blockquote class=\"wp-block-quote has-text-align-left is-layout-flow wp-block-quote-is-layout-flow\">\n<p>We are building resilience in the age of digital transformation and doing everything we can to ensure that strategic planning reaches every corner of society. Only an army of strategists capable of making similar decisions independently will ensure that no potential disaster can intimidate us.<\/p>\n<\/blockquote>\n\n\n\n<h1 class=\"wp-block-heading\" style=\"line-height:1.5\"><strong>Who are we?<\/strong><\/h1>\n\n\n\n<p>For many years, we have been expanding the horizons of strategic thinking through a carefully developed methodology. <\/p>\n\n\n\n<figure class=\"wp-block-image size-large\"><img loading=\"lazy\" decoding=\"async\" width=\"1024\" height=\"576\" src=\"http:\/\/cyfryzacja.org\/wp-content\/uploads\/2024\/04\/pexels-google-deepmind-18069696-1-1-1024x576.jpeg\" alt=\"\" class=\"wp-image-1625\" srcset=\"https:\/\/cyfryzacja.org\/wp-content\/uploads\/2024\/04\/pexels-google-deepmind-18069696-1-1-1024x576.jpeg 1024w, https:\/\/cyfryzacja.org\/wp-content\/uploads\/2024\/04\/pexels-google-deepmind-18069696-1-1-300x169.jpeg 300w, https:\/\/cyfryzacja.org\/wp-content\/uploads\/2024\/04\/pexels-google-deepmind-18069696-1-1-768x432.jpeg 768w, https:\/\/cyfryzacja.org\/wp-content\/uploads\/2024\/04\/pexels-google-deepmind-18069696-1-1-1536x864.jpeg 1536w, https:\/\/cyfryzacja.org\/wp-content\/uploads\/2024\/04\/pexels-google-deepmind-18069696-1-1-18x10.jpeg 18w, https:\/\/cyfryzacja.org\/wp-content\/uploads\/2024\/04\/pexels-google-deepmind-18069696-1-1.jpeg 1920w\" sizes=\"auto, (max-width: 1024px) 100vw, 1024px\" \/><\/figure>\n\n\n\n<p class=\"has-large-font-size\"><strong>Our main areas of activity<\/strong><\/p>\n\n\n\n<p><strong>Exploring new development opportunities<\/strong><\/p>\n\n\n\n<p>We identify and analyse&nbsp;<strong><strong>emerging opportunities<\/strong><\/strong>&nbsp;in a dynamically changing business environment. We provide organisations with&nbsp;<strong>strategic knowledge<\/strong>&nbsp;of potential growth opportunities that may not yet be apparent in traditional market analyses.<\/p>\n\n\n\n<p><strong>Innovative business models<\/strong><\/p>\n\n\n\n<p>We design and test&nbsp;<strong>ground-breaking business concepts<\/strong>&nbsp;adapted to the realities of the digital economy. Our models take into account both current technological trends and anticipated market developments.<\/p>\n\n\n\n<p><strong>Predictive research for organisations<\/strong><\/p>\n\n\n\n<p>We carry out&nbsp;<strong>advanced predictive analytics<\/strong>that help businesses and public institutions prepare for the changes ahead. Our methods enable organisations to&nbsp;<strong>build up immunity<\/strong>&nbsp;prior to the occurrence of potential disturbances.<\/p>\n\n\n\n<p><strong>Impact of digitisation on society<\/strong><\/p>\n\n\n\n<p>We investigate&nbsp;<strong>complex relationships<\/strong>&nbsp;Between digital transformation and social phenomena. We analyse how technological innovations are transforming the ways in which communities communicate, work and function, providing a&nbsp;<strong>practical conclusions<\/strong>&nbsp;for decision-makers.<\/p>\n\n\n\n<p class=\"has-large-font-size\">Our mission and vision for the future<\/p>\n\n\n\n<p>Raise the level of strategic planning in different types of organisations by providing new knowledge about the opportunities and processes for reaching goals or maintaining a competitive position.<\/p>\n\n\n\n<h4 class=\"wp-block-heading\" id=\"kszta%C5%82towanie-polityk-cyfrowych-zorientowanych-na-cz%C5%82owieka\"><strong>Shaping human-centred digital policies<\/strong><\/h4>\n\n\n\n<p>We strive to be&nbsp;<strong>a leading source of expertise<\/strong>&nbsp;in the area of public policies on technology and digitalisation. Our recommendations aim to create a regulatory framework that&nbsp;<strong>unlock human potential<\/strong>&nbsp;and will enable citizens to make full use of their talents to generate new social and economic value.<\/p>\n\n\n\n<h4 class=\"wp-block-heading\" id=\"wczesne-ostrzeganie-i-prewencja-zagro%C5%BCe%C5%84\"><strong>Early warning and risk prevention<\/strong><\/h4>\n\n\n\n<p>We use&nbsp;<strong>advanced predictive methods<\/strong>to identify potential risks at an early stage of their development. Our aim is to&nbsp;<strong>proactive prevention<\/strong>&nbsp;negative impacts of digital transformation before they become problems requiring costly interventions.<\/p>\n\n\n\n<h4 class=\"wp-block-heading\" id=\"wspieranie-odpowiedzialnego-biznesu\"><strong>Promoting responsible business<\/strong><\/h4>\n\n\n\n<p>We help companies develop&nbsp;<strong>socially responsible competitiveness models<\/strong>&nbsp;and identify&nbsp;<strong>digital market niches<\/strong>&nbsp;with global potential. We are&nbsp;<strong>a trusted partner<\/strong>&nbsp;in the process of discovering new business opportunities that combine profit with positive social impact.<\/p>\n<\/div>\n<\/div>\n\n\n\n<div style=\"height:80px\" aria-hidden=\"true\" class=\"wp-block-spacer\"><\/div>","protected":false},"excerpt":{"rendered":"<p>Budujemy odporno\u015bci w epoce cyfrowej transformacji i czynimy wszystko, aby planowanie strategiczne trafi\u0142o pod strzechy. Tylko armia strateg\u00f3w, kt\u00f3rzy potrafi\u0105 samodzielnie podejmowa\u0107 zbli\u017cone decyzje sprawi, \u017ce \u017caden z potencjalnych kataklizm\u00f3w nie b\u0119dzie nam straszny. Kim jeste\u015bmy? Od wielu lat dzi\u0119ki starannie wypracowanej metodyce rozszerzamy horyzonty strategicznego my\u015blenia. Nasze g\u0142\u00f3wne obszary dzia\u0142ania Odkrywanie nowych mo\u017cliwo\u015bci rozwoju [&hellip;]<\/p>\n","protected":false},"author":4,"featured_media":0,"parent":0,"menu_order":0,"comment_status":"closed","ping_status":"closed","template":"","meta":{"footnotes":""},"class_list":["post-525","page","type-page","status-publish","hentry"],"_links":{"self":[{"href":"https:\/\/cyfryzacja.org\/en\/wp-json\/wp\/v2\/pages\/525","targetHints":{"allow":["GET"]}}],"collection":[{"href":"https:\/\/cyfryzacja.org\/en\/wp-json\/wp\/v2\/pages"}],"about":[{"href":"https:\/\/cyfryzacja.org\/en\/wp-json\/wp\/v2\/types\/page"}],"author":[{"embeddable":true,"href":"https:\/\/cyfryzacja.org\/en\/wp-json\/wp\/v2\/users\/4"}],"replies":[{"embeddable":true,"href":"https:\/\/cyfryzacja.org\/en\/wp-json\/wp\/v2\/comments?post=525"}],"version-history":[{"count":25,"href":"https:\/\/cyfryzacja.org\/en\/wp-json\/wp\/v2\/pages\/525\/revisions"}],"predecessor-version":[{"id":3371,"href":"https:\/\/cyfryzacja.org\/en\/wp-json\/wp\/v2\/pages\/525\/revisions\/3371"}],"wp:attachment":[{"href":"https:\/\/cyfryzacja.org\/en\/wp-json\/wp\/v2\/media?parent=525"}],"curies":[{"name":"wp","href":"https:\/\/api.w.org\/{rel}","templated":true}]}}