{"id":522,"date":"2024-04-18T08:03:36","date_gmt":"2024-04-18T08:03:36","guid":{"rendered":"https:\/\/cyfryzacja.org\/?page_id=522"},"modified":"2024-05-24T08:45:04","modified_gmt":"2024-05-24T08:45:04","slug":"cyfrowy-swiat-na-miare","status":"publish","type":"page","link":"https:\/\/cyfryzacja.org\/en\/cyfrowy-swiat-na-miare\/","title":{"rendered":"A digital world tailored to your needs"},"content":{"rendered":"<div class=\"wp-block-group has-global-padding is-layout-constrained wp-container-core-group-is-layout-129d7f79 wp-block-group-is-layout-constrained\">\n<div style=\"height:80px\" aria-hidden=\"true\" class=\"wp-block-spacer\"><\/div>\n\n\n\n<div class=\"wp-block-group is-vertical is-layout-flex wp-container-core-group-is-layout-fe9cc265 wp-block-group-is-layout-flex\">\n<h1 class=\"wp-block-heading\" style=\"line-height:1.5\"><strong>Cyfrowy \u015bwiat &#8222;uszyty&#8221; na miar\u0119<\/strong><\/h1>\n\n\n\n<p>According to forecasts, not only for highly developed countries belonging to the OECD, but also for Poland, an average of 57% of all jobs may cease to exist due to automation; in Poland, it's estimated at around 40%. Forecasts also indicate that nearly half (47%) of currently known professions will be replaced by machine work within the next 25 years. Data suggests we are in the midst of an unprecedented revolution, one that superficially concerns the world of technology. We believe that the course of this process largely depends on us.<\/p>\n\n\n\n<p>Does digitization have its dark side? Undoubtedly. However, the fundamental issue lies in perceiving the automation of production and services as a threat similar to what the steam-powered looms were in the 17th century.<\/p>\n\n\n\n<p>It's worth harnessing this irreversible process of \"business rationalization\" as a catalyst for creating new professions based on entirely new business models. Through this process, we will navigate the technological and social intricacies of digitization with ease. It must be based on recognizing and meeting new, previously unnoticed needs of global markets, with digital services being the key to accessing new markets and consumers.<\/p>\n\n\n\n<p>Chaotic, ill-considered, and short-sighted digitization processes will not only incur additional costs but, above all, may lead to the subordination of many areas of state functioning to corporate interests. The scenario of the triumph of large digital corporations over small businesses has not yet proven itself. We believe that digitization is possible in the spirit of distributism, where the foundation of economic life lies in small and medium-sized enterprises. Strengthened by this, the middle class forms the basis of stability and prosperity.<\/p>\n\n\n\n<p>The development of the information society and the functioning of its tools are not possible without a stable energy supply. Modern, efficient, effective, and balanced energy systems are crucial for the success of all digitization processes.<\/p>\n\n\n\n<p><\/p>\n<\/div>\n<\/div>","protected":false},"excerpt":{"rendered":"<p>Cyfrowy \u015bwiat &#8222;uszyty&#8221; na miar\u0119 Wed\u0142ug prognoz nie dla kraj\u00f3w wysoko rozwini\u0119tych, nale\u017c\u0105cych do OECD, szacuje si\u0119, \u017ce \u015brednio 57% wszystkich miejsc pracy mo\u017ce przesta\u0107 istnie\u0107 na skutek automatyzacji; w Polsce jest \u015brednio 40%. Prognozy wskazuj\u0105 tak\u017ce na to, \u017ce prawie po\u0142owa (47%) zawod\u00f3w znanych obecnie zostanie zast\u0105piona prac\u0105 maszyn w ci\u0105gu najbli\u017cszych 25 lat. [&hellip;]<\/p>\n","protected":false},"author":4,"featured_media":0,"parent":0,"menu_order":0,"comment_status":"closed","ping_status":"closed","template":"","meta":{"footnotes":""},"class_list":["post-522","page","type-page","status-publish","hentry"],"_links":{"self":[{"href":"https:\/\/cyfryzacja.org\/en\/wp-json\/wp\/v2\/pages\/522","targetHints":{"allow":["GET"]}}],"collection":[{"href":"https:\/\/cyfryzacja.org\/en\/wp-json\/wp\/v2\/pages"}],"about":[{"href":"https:\/\/cyfryzacja.org\/en\/wp-json\/wp\/v2\/types\/page"}],"author":[{"embeddable":true,"href":"https:\/\/cyfryzacja.org\/en\/wp-json\/wp\/v2\/users\/4"}],"replies":[{"embeddable":true,"href":"https:\/\/cyfryzacja.org\/en\/wp-json\/wp\/v2\/comments?post=522"}],"version-history":[{"count":16,"href":"https:\/\/cyfryzacja.org\/en\/wp-json\/wp\/v2\/pages\/522\/revisions"}],"predecessor-version":[{"id":2181,"href":"https:\/\/cyfryzacja.org\/en\/wp-json\/wp\/v2\/pages\/522\/revisions\/2181"}],"wp:attachment":[{"href":"https:\/\/cyfryzacja.org\/en\/wp-json\/wp\/v2\/media?parent=522"}],"curies":[{"name":"wp","href":"https:\/\/api.w.org\/{rel}","templated":true}]}}