{"id":520,"date":"2024-04-18T14:53:16","date_gmt":"2024-04-18T14:53:16","guid":{"rendered":"https:\/\/cyfryzacja.org\/?page_id=520"},"modified":"2026-04-04T15:16:56","modified_gmt":"2026-04-04T15:16:56","slug":"home","status":"publish","type":"page","link":"https:\/\/cyfryzacja.org\/en\/","title":{"rendered":"Polish Digital Society"},"content":{"rendered":"<main class=\"wp-block-group alignwide has-background has-global-padding is-layout-constrained wp-container-core-group-is-layout-71cdb808 wp-block-group-is-layout-constrained\" style=\"background-color:#121212;min-height:100vh;margin-top:0\">\n<section class=\"wp-block-group alignfull has-base-2-background-color has-background is-content-justification-center is-nowrap is-layout-flex wp-container-core-group-is-layout-357919b8 wp-block-group-is-layout-flex\" style=\"min-height:90vh;margin-top:0;margin-bottom:0;padding-top:var(--wp--preset--spacing--50);padding-right:var(--wp--preset--spacing--50);padding-bottom:var(--wp--preset--spacing--50);padding-left:var(--wp--preset--spacing--50)\">\n<div class=\"wp-block-group alignwide has-global-padding is-layout-constrained wp-container-core-group-is-layout-19e250f3 wp-block-group-is-layout-constrained\" style=\"min-height:0vh\">\n<div class=\"wp-block-columns alignwide is-layout-flex wp-container-core-columns-is-layout-d1c656ed wp-block-columns-is-layout-flex\">\n<div class=\"wp-block-column is-vertically-aligned-center is-layout-flow wp-block-column-is-layout-flow\" style=\"flex-basis:50%\">\n<h1 class=\"wp-block-heading has-text-align-left has-x-large-font-size\"><strong>Tworzymy spo\u0142eczne systemy odporno\u015bci i nowe modele biznesowe<\/strong><\/h1>\n\n\n\n<p>Modern communication technologies are bringing about profound and rapid transformations in all areas of our lives. These&nbsp;<strong>multidimensional changes<\/strong>&nbsp;are occurring at a pace that exceeds our ability to adapt. As a society, we have not yet managed to develop adequate&nbsp;<strong>adaptation tools<\/strong>&nbsp;nor the mechanisms for resilience to the threats posed by the digital revolution.<\/p>\n\n\n\n<h4 class=\"wp-block-heading\" id=\"proaktywne-podej%C5%9Bcie-do-niepewno%C5%9Bci\"><strong>A proactive approach to uncertainty<\/strong><\/h4>\n\n\n\n<p>Our aim is not only to&nbsp;<strong>observation of processes taking place<\/strong>but above all building comprehensive systems to prevent negative impacts before they occur. We use&nbsp;<strong>advanced predictive methods<\/strong>to create unique strategies to prepare in advance for the unknown and uncertain.<\/p>\n\n\n\n<h4 class=\"wp-block-heading\" id=\"interdyscyplinarny-zesp%C3%B3%C5%82-ekspert%C3%B3w\"><strong>Interdisciplinary team of experts<\/strong><\/h4>\n\n\n\n<p>As specialists in various fields of science and business, we combine theoretical knowledge with practical experience. Together we develop&nbsp;<strong>new cognitive perspectives<\/strong>&nbsp;and innovative tools that enable effective adaptation to technological change.<\/p>\n\n\n\n<h4 class=\"wp-block-heading\" id=\"nasza-filozofia-dzia%C5%82ania\"><strong>Our philosophy:<\/strong><\/h4>\n\n\n\n<blockquote class=\"wp-block-quote is-layout-flow wp-block-quote-is-layout-flow\">\n<p><strong>\"By analysing uncertainty, we identify opportunities.\"<\/strong><\/p>\n<\/blockquote>\n\n\n\n<p>Through the systematic study of unpredictable phenomena, we uncover hidden patterns and&nbsp;<strong>identify viable options for action<\/strong>. This approach allows challenges to be transformed into development opportunities.<\/p>\n\n\n\n<div class=\"wp-block-buttons is-layout-flex wp-block-buttons-is-layout-flex\">\n<div class=\"wp-block-button is-style-fill\"><a class=\"wp-block-button__link has-base-2-color has-text-color has-link-color has-medium-font-size has-custom-font-size wp-element-button\" href=\"https:\/\/cyfryzacja.org\/en\/o-nas\/\" style=\"border-style:none;border-width:0px;padding-top:var(--wp--preset--spacing--10);padding-right:2rem;padding-bottom:var(--wp--preset--spacing--10);padding-left:2rem;letter-spacing:1px\">READ MORE<\/a><\/div>\n<\/div>\n<\/div>\n\n\n\n<div class=\"wp-block-column is-layout-flow wp-block-column-is-layout-flow\" style=\"flex-basis:50%\">\n<h3 class=\"wp-block-heading has-text-align-center\">Poland\u2019s Digital Resilience Agenda 2040 \u2013 a model for strategic preparedness for the challenges of digitalization \u2013<strong> <\/strong><a href=\"https:\/\/cyfryzacja.org\/en\/agenda-2040-wyniki-badan\/\" data-type=\"page\" data-id=\"3089\"><strong>find out the results of the research<\/strong><\/a><\/h3>\n\n\n\n<figure class=\"wp-block-image aligncenter size-full is-style-rounded is-style-rounded--1\" style=\"margin-top:var(--wp--preset--spacing--10);margin-right:var(--wp--preset--spacing--30);margin-bottom:var(--wp--preset--spacing--10);margin-left:var(--wp--preset--spacing--30)\"><a href=\"https:\/\/cyfryzacja.org\/en\/agenda-2040-wyniki-badan\/\"><img loading=\"lazy\" decoding=\"async\" width=\"1024\" height=\"1024\" src=\"https:\/\/cyfryzacja.org\/wp-content\/uploads\/2026\/03\/powerful-1.png\" alt=\"\" class=\"wp-image-3145\" srcset=\"https:\/\/cyfryzacja.org\/wp-content\/uploads\/2026\/03\/powerful-1.png 1024w, https:\/\/cyfryzacja.org\/wp-content\/uploads\/2026\/03\/powerful-1-300x300.png 300w, https:\/\/cyfryzacja.org\/wp-content\/uploads\/2026\/03\/powerful-1-150x150.png 150w, https:\/\/cyfryzacja.org\/wp-content\/uploads\/2026\/03\/powerful-1-768x768.png 768w, https:\/\/cyfryzacja.org\/wp-content\/uploads\/2026\/03\/powerful-1-12x12.png 12w\" sizes=\"auto, (max-width: 1024px) 100vw, 1024px\" \/><\/a><\/figure>\n<\/div>\n<\/div>\n<\/div>\n<\/section>\n\n\n\n<div class=\"wp-block-group alignwide has-background has-global-padding is-layout-constrained wp-container-core-group-is-layout-112c37db wp-block-group-is-layout-constrained\" style=\"background-color:#121212;min-height:100vh\">\n<div style=\"height:100px\" aria-hidden=\"true\" class=\"wp-block-spacer\"><\/div>\n\n\n\n<h1 class=\"wp-block-heading alignwide has-text-align-left is-style-default has-accent-color has-text-color has-link-color has-x-large-font-size wp-elements-0e6e7380642792b3be5cd9ec9d85cc2e\" style=\"margin-top:0;line-height:1.2;text-transform:uppercase\"><strong>News<\/strong><\/h1>\n\n\n\n<div class=\"wp-block-columns alignwide are-vertically-aligned-top is-layout-flex wp-container-core-columns-is-layout-d6bf95c4 wp-block-columns-is-layout-flex\" style=\"padding-right:0;padding-left:0\">\n<div class=\"wp-block-column is-vertically-aligned-top is-layout-flow wp-container-core-column-is-layout-efbae3ea wp-block-column-is-layout-flow\" style=\"padding-top:var(--wp--preset--spacing--50);padding-right:0;padding-bottom:var(--wp--preset--spacing--50);padding-left:0;flex-basis:60%\">\n<div class=\"wp-block-query alignwide is-layout-flow wp-block-query-is-layout-flow\"><ul class=\"has-link-color wp-elements-76b917c86e93bebcbc6b6727bf2cbb74 wp-block-post-template has-text-color has-base-color is-layout-flow wp-container-core-post-template-is-layout-c4582066 wp-block-post-template-is-layout-flow\"><li class=\"wp-block-post post-3390 post type-post status-publish format-standard hentry category-agenda-2040 category-metodyka-badania tag-polska-agenda-odpornosci-cyfrowej-2040 tag-prezentacje tag-scenariusze\">\n\n<div class=\"wp-block-group has-global-padding is-content-justification-center is-layout-constrained wp-container-core-group-is-layout-528c0c02 wp-block-group-is-layout-constrained wp-elements-76b917c86e93bebcbc6b6727bf2cbb74\" style=\"margin-top:0;margin-bottom:0;padding-top:0px;padding-bottom:0px\"><h2 style=\"font-style:normal;font-weight:700;\" class=\"has-link-color wp-elements-3fbccc6dfbc9706980c6decf9314a655 wp-block-post-title has-text-color has-base-color has-large-font-size\"><a href=\"https:\/\/cyfryzacja.org\/en\/wiadomosci\/jak-to-zrobilismy\/\" target=\"_self\" >How did we do it?<\/a><\/h2>\n\n<div style=\"color:#a4a4a4;\" class=\"has-link-color wp-elements-49148614c53ffe65da13c1039e9257ee wp-block-post-excerpt has-text-color\"><p class=\"wp-block-post-excerpt__excerpt\">If we compare ordinary planning to a kerosene lamp lighting our way during a night-time walk through the woods, then scenarios are nothing less than night-vision goggles. Admittedly, they don\u2019t allow us to see the branches\u2026 <\/p><\/div><\/div>\n\n<\/li><li class=\"wp-block-post post-3357 post type-post status-publish format-standard hentry category-agenda-2040 category-promocja category-wyklady tag-edukacja tag-polska-agenda-odpornosci-cyfrowej-2040 tag-prmocja tag-solidarnosc tag-wydarzenia\">\n\n<div class=\"wp-block-group has-global-padding is-content-justification-center is-layout-constrained wp-container-core-group-is-layout-528c0c02 wp-block-group-is-layout-constrained wp-elements-76b917c86e93bebcbc6b6727bf2cbb74\" style=\"margin-top:0;margin-bottom:0;padding-top:0px;padding-bottom:0px\"><h2 style=\"font-style:normal;font-weight:700;\" class=\"has-link-color wp-elements-3fbccc6dfbc9706980c6decf9314a655 wp-block-post-title has-text-color has-base-color has-large-font-size\"><a href=\"https:\/\/cyfryzacja.org\/en\/wiadomosci\/polska-agenda-odpornosci-cyfrowej-na-posiedzeniu-regionalnej-sekcji-oswiaty-i-wychowania-nszz-solidarnosc-w-lublinie\/\" target=\"_self\" >The Polish Digital Resilience Agenda at a meeting of the Regional Education and Upbringing Section of NSZZ \u201cSolidarno\u015b\u0107\u201d in Lublin<\/a><\/h2>\n\n<div style=\"color:#a4a4a4;\" class=\"has-link-color wp-elements-49148614c53ffe65da13c1039e9257ee wp-block-post-excerpt has-text-color\"><p class=\"wp-block-post-excerpt__excerpt\">A meeting of this distinguished body is scheduled for 23 March 2026, the main focus of which will be a presentation of the Agenda\u2019s findings in the context of changes to the education, schooling and science systems. The presentation will be followed by a discussion.\u2026 <\/p><\/div><\/div>\n\n<\/li><li class=\"wp-block-post post-3337 post type-post status-publish format-standard hentry category-badania category-biznes category-metodyka-badania category-modele-biznesowe-projekty tag-gospodarka tag-konurencyjnosc tag-nowe-modele-biznesowe tag-polska-agenda-odpornosci-cyfrowej-2040 tag-publikacja tag-scenarusze tag-strategia\">\n\n<div class=\"wp-block-group has-global-padding is-content-justification-center is-layout-constrained wp-container-core-group-is-layout-528c0c02 wp-block-group-is-layout-constrained wp-elements-76b917c86e93bebcbc6b6727bf2cbb74\" style=\"margin-top:0;margin-bottom:0;padding-top:0px;padding-bottom:0px\"><h2 style=\"font-style:normal;font-weight:700;\" class=\"has-link-color wp-elements-3fbccc6dfbc9706980c6decf9314a655 wp-block-post-title has-text-color has-base-color has-large-font-size\"><a href=\"https:\/\/cyfryzacja.org\/en\/wiadomosci\/globalne-pola-konkurencyjnosci-dla-polskiej-gospodarki-do-roku-2040\/\" target=\"_self\" >Global areas of competitiveness for the Polish economy up to 2040<\/a><\/h2>\n\n<div style=\"color:#a4a4a4;\" class=\"has-link-color wp-elements-49148614c53ffe65da13c1039e9257ee wp-block-post-excerpt has-text-color\"><p class=\"wp-block-post-excerpt__excerpt\">Min\u0119\u0142o ju\u017c kilka lat od publikacji wynik\u00f3w tego badania, ale wydaje si\u0119, \u017ce w&nbsp;kontek\u015bcie Polskiej Agendy Odporno\u015bci Cyfrowej 2040 jest to materia\u0142 godny przypomnienia. Wtedy to w\u0142a\u015bnie odkryli\u015bmy, \u017ce zasadnicz\u0105&hellip; <\/p><\/div><\/div>\n\n<\/li><\/ul><\/div>\n\n\n\n<div class=\"wp-block-group alignwide has-global-padding is-content-justification-right is-layout-constrained wp-container-core-group-is-layout-f1f2ed93 wp-block-group-is-layout-constrained\">\n<div style=\"height:31px\" aria-hidden=\"true\" class=\"wp-block-spacer\"><\/div>\n<\/div>\n\n\n\n<div class=\"wp-block-buttons is-layout-flex wp-block-buttons-is-layout-flex\">\n<div class=\"wp-block-button is-style-fill\"><a class=\"wp-block-button__link has-contrast-color has-base-background-color has-text-color has-background has-link-color has-medium-font-size has-custom-font-size wp-element-button\" href=\"https:\/\/cyfryzacja.org\/en\/wiadomosci\/\" style=\"border-style:none;border-width:0px;padding-top:var(--wp--preset--spacing--10);padding-right:2rem;padding-bottom:var(--wp--preset--spacing--10);padding-left:2rem;letter-spacing:1px\"><strong>READ MORE<\/strong><\/a><\/div>\n<\/div>\n<\/div>\n\n\n\n<div class=\"wp-block-column is-vertically-aligned-top is-layout-flow wp-block-column-is-layout-flow\" style=\"flex-basis:40%\">\n<figure class=\"wp-block-image aligncenter size-full is-resized is-style-rounded is-style-rounded--3\"><img loading=\"lazy\" decoding=\"async\" width=\"1024\" height=\"1024\" src=\"https:\/\/cyfryzacja.org\/wp-content\/uploads\/2024\/05\/cyfryzacja_3.jpeg\" alt=\"\" class=\"wp-image-2084\" style=\"width:259px;height:auto\" srcset=\"https:\/\/cyfryzacja.org\/wp-content\/uploads\/2024\/05\/cyfryzacja_3.jpeg 1024w, https:\/\/cyfryzacja.org\/wp-content\/uploads\/2024\/05\/cyfryzacja_3-300x300.jpeg 300w, https:\/\/cyfryzacja.org\/wp-content\/uploads\/2024\/05\/cyfryzacja_3-150x150.jpeg 150w, https:\/\/cyfryzacja.org\/wp-content\/uploads\/2024\/05\/cyfryzacja_3-768x768.jpeg 768w, https:\/\/cyfryzacja.org\/wp-content\/uploads\/2024\/05\/cyfryzacja_3-12x12.jpeg 12w\" sizes=\"auto, (max-width: 1024px) 100vw, 1024px\" \/><\/figure>\n<\/div>\n<\/div>\n\n\n\n<div style=\"height:82px\" aria-hidden=\"true\" class=\"wp-block-spacer\"><\/div>\n<\/div>\n\n\n\n<div class=\"wp-block-group alignfull has-base-2-color has-text-color has-background wp-elements-a424625db86dafb63ea548a94fd1ddfe is-content-justification-center is-nowrap is-layout-flex wp-container-core-group-is-layout-357919b8 wp-block-group-is-layout-flex\" style=\"background-color:#f3f3f3;min-height:100vh;margin-top:0;margin-bottom:0;padding-top:var(--wp--preset--spacing--50);padding-right:var(--wp--preset--spacing--50);padding-bottom:var(--wp--preset--spacing--50);padding-left:var(--wp--preset--spacing--50)\">\n<div class=\"wp-block-group alignwide has-global-padding is-layout-constrained wp-container-core-group-is-layout-19e250f3 wp-block-group-is-layout-constrained\">\n<div class=\"wp-block-columns alignwide is-layout-flex wp-container-core-columns-is-layout-d1c656ed wp-block-columns-is-layout-flex\">\n<div class=\"wp-block-column is-vertically-aligned-center has-global-padding is-layout-constrained wp-container-core-column-is-layout-4d0d0a75 wp-block-column-is-layout-constrained\" style=\"flex-basis:60%\">\n<div class=\"wp-block-group has-global-padding is-layout-constrained wp-container-core-group-is-layout-ad1af2a0 wp-block-group-is-layout-constrained\" style=\"margin-top:0;margin-bottom:0;padding-top:0;padding-bottom:0\">\n<h1 class=\"wp-block-heading has-text-color has-link-color has-x-large-font-size wp-elements-0ba467456dd347d6a00e58de84c4ec5f\" style=\"color:#ea4d3d\"><strong>Polish Digital Resilience Agenda 2040<\/strong><\/h1>\n\n\n\n<p><\/p>\n\n\n\n<p class=\"has-contrast-color has-text-color has-link-color has-medium-font-size wp-elements-da2b84ec2597ee5c6000eef9e07d4e88\" style=\"margin-top:var(--wp--preset--spacing--10);margin-right:0;margin-bottom:var(--wp--preset--spacing--10);margin-left:0\">We will soon be sharing updates on the Polish Digital Resilience Agenda 2040.<\/p>\n\n\n\n<p class=\"has-contrast-color has-text-color has-link-color has-medium-font-size wp-elements-f676bc433f673449e6cc166c6c2ac906\" style=\"margin-top:var(--wp--preset--spacing--10);margin-right:0;margin-bottom:var(--wp--preset--spacing--10);margin-left:0\">We encourage you to follow our news channels, where we will regularly update you on the progress and next steps of our project. We believe that building digital resilience is an extremely important task that requires the cooperation of all stakeholders.<\/p>\n<\/div>\n\n\n\n<div class=\"wp-block-buttons is-layout-flex wp-block-buttons-is-layout-flex\">\n<div class=\"wp-block-button is-style-fill\"><a class=\"wp-block-button__link has-base-2-color has-text-color has-background has-link-color has-border-color has-medium-font-size has-custom-font-size wp-element-button\" href=\"https:\/\/cyfryzacja.org\/en\/agenda-2040-wyniki-badan\/\" style=\"border-color:#ea4d3d;border-width:2px;background-color:#ea4d3d;padding-top:var(--wp--preset--spacing--10);padding-right:2rem;padding-bottom:var(--wp--preset--spacing--10);padding-left:2rem;font-style:normal;font-weight:700;letter-spacing:1px\">Zapoznaj si\u0119 z wynikami bada\u0144<\/a><\/div>\n<\/div>\n<\/div>\n\n\n\n<div class=\"wp-block-column is-vertically-aligned-center is-layout-flow wp-block-column-is-layout-flow\" style=\"flex-basis:40%\">\n<figure class=\"wp-block-image size-full has-custom-border is-style-default\"><a href=\"https:\/\/cyfryzacja.org\/wp-content\/uploads\/2025\/09\/a40_info.jpg\"><img loading=\"lazy\" decoding=\"async\" width=\"2501\" height=\"1272\" src=\"https:\/\/cyfryzacja.org\/wp-content\/uploads\/2025\/09\/a40_info.jpg\" alt=\"\" class=\"wp-image-2870\" style=\"border-style:none;border-width:0px\" srcset=\"https:\/\/cyfryzacja.org\/wp-content\/uploads\/2025\/09\/a40_info.jpg 2501w, https:\/\/cyfryzacja.org\/wp-content\/uploads\/2025\/09\/a40_info-300x153.jpg 300w, https:\/\/cyfryzacja.org\/wp-content\/uploads\/2025\/09\/a40_info-1024x521.jpg 1024w, https:\/\/cyfryzacja.org\/wp-content\/uploads\/2025\/09\/a40_info-768x391.jpg 768w, https:\/\/cyfryzacja.org\/wp-content\/uploads\/2025\/09\/a40_info-1536x781.jpg 1536w, https:\/\/cyfryzacja.org\/wp-content\/uploads\/2025\/09\/a40_info-2048x1042.jpg 2048w, https:\/\/cyfryzacja.org\/wp-content\/uploads\/2025\/09\/a40_info-18x9.jpg 18w\" sizes=\"auto, (max-width: 2501px) 100vw, 2501px\" \/><\/a><figcaption class=\"wp-element-caption\">powi\u0119ksz infografik\u0119<\/figcaption><\/figure>\n<\/div>\n<\/div>\n<\/div>\n<\/div>\n\n\n\n<div class=\"wp-block-group alignfull has-base-2-background-color has-background has-global-padding is-layout-constrained wp-container-core-group-is-layout-d89aad35 wp-block-group-is-layout-constrained\" style=\"margin-top:0;margin-bottom:0;padding-top:var(--wp--preset--spacing--50);padding-right:var(--wp--preset--spacing--50);padding-bottom:var(--wp--preset--spacing--50);padding-left:var(--wp--preset--spacing--50)\"><\/div>\n\n\n\n<div class=\"wp-block-group alignfull has-base-color has-text-color has-background is-layout-flow wp-block-group-is-layout-flow\" style=\"background-color:#131313;margin-top:0;margin-bottom:0;padding-top:var(--wp--preset--spacing--50);padding-right:var(--wp--preset--spacing--50);padding-bottom:var(--wp--preset--spacing--50);padding-left:var(--wp--preset--spacing--50)\">\n<div class=\"wp-block-group is-layout-flow wp-block-group-is-layout-flow\" style=\"padding-top:var(--wp--preset--spacing--50);padding-right:var(--wp--preset--spacing--50);padding-bottom:var(--wp--preset--spacing--50);padding-left:var(--wp--preset--spacing--50)\">\n<div class=\"wp-block-group is-vertical is-content-justification-center is-layout-flex wp-container-core-group-is-layout-ce155fab wp-block-group-is-layout-flex\">\n<h2 class=\"wp-block-heading has-text-align-center has-accent-color has-text-color has-link-color wp-elements-d03761eacb73e9838d1da27269dcb3fd\" style=\"font-size:clamp(1.198rem, 1.198rem + ((1vw - 0.2rem) * 1.17), 1.9rem);font-style:normal;font-weight:500;line-height:0.5\"><strong>Meet our team of experts<\/strong><\/h2>\n\n\n\n<p class=\"has-text-align-center has-base-2-color has-text-color has-body-font-family has-large-font-size\" style=\"font-style:normal;font-weight:500;line-height:1.2\">PTC<\/p>\n<\/div>\n\n\n\n<h2 class=\"wp-block-heading has-text-align-center has-base-2-color has-text-color has-link-color wp-elements-cfbd07abe050306fdc1386fdb02d398a\" style=\"font-size:clamp(0.875rem, 0.875rem + ((1vw - 0.2rem) * 0.208), 1rem);font-style:normal;font-weight:400\"><a href=\"https:\/\/cyfryzacja.org\/en\/o-nas\/\" data-type=\"page\" data-id=\"525\">Discover more about our team and missions at PTC <\/a><\/h2>\n\n\n\n<div class=\"wp-block-group is-horizontal is-content-justification-center is-layout-flex wp-container-core-group-is-layout-4f6f85ca wp-block-group-is-layout-flex\"><\/div>\n<\/div>\n<\/div>\n<\/main>","protected":false},"excerpt":{"rendered":"<p>Tworzymy spo\u0142eczne systemy odporno\u015bci i nowe modele biznesowe Wsp\u00f3\u0142czesne technologie komunikacyjne wywo\u0142uj\u0105 g\u0142\u0119bokie i szybkie przemiany we wszystkich obszarach naszego \u017cycia. Te&nbsp;wielowymiarowe zmiany&nbsp;zachodz\u0105 w tempie, kt\u00f3re przewy\u017csza nasz\u0105 zdolno\u015b\u0107 adaptacji. Jako spo\u0142ecze\u0144stwo nie zd\u0105\u017cyli\u015bmy jeszcze wypracowa\u0107 odpowiednich&nbsp;narz\u0119dzi przystosowawczych&nbsp;ani mechanizm\u00f3w odporno\u015bci na zagro\u017cenia wynikaj\u0105ce z cyfrowej rewolucji. Proaktywne podej\u015bcie do niepewno\u015bci Naszym celem nie jest tylko&nbsp;obserwacja [&hellip;]<\/p>\n","protected":false},"author":4,"featured_media":0,"parent":0,"menu_order":0,"comment_status":"closed","ping_status":"closed","template":"","meta":{"footnotes":""},"class_list":["post-520","page","type-page","status-publish","hentry"],"_links":{"self":[{"href":"https:\/\/cyfryzacja.org\/en\/wp-json\/wp\/v2\/pages\/520","targetHints":{"allow":["GET"]}}],"collection":[{"href":"https:\/\/cyfryzacja.org\/en\/wp-json\/wp\/v2\/pages"}],"about":[{"href":"https:\/\/cyfryzacja.org\/en\/wp-json\/wp\/v2\/types\/page"}],"author":[{"embeddable":true,"href":"https:\/\/cyfryzacja.org\/en\/wp-json\/wp\/v2\/users\/4"}],"replies":[{"embeddable":true,"href":"https:\/\/cyfryzacja.org\/en\/wp-json\/wp\/v2\/comments?post=520"}],"version-history":[{"count":301,"href":"https:\/\/cyfryzacja.org\/en\/wp-json\/wp\/v2\/pages\/520\/revisions"}],"predecessor-version":[{"id":3379,"href":"https:\/\/cyfryzacja.org\/en\/wp-json\/wp\/v2\/pages\/520\/revisions\/3379"}],"wp:attachment":[{"href":"https:\/\/cyfryzacja.org\/en\/wp-json\/wp\/v2\/media?parent=520"}],"curies":[{"name":"wp","href":"https:\/\/api.w.org\/{rel}","templated":true}]}}