{"id":3089,"date":"2026-03-09T13:51:01","date_gmt":"2026-03-09T13:51:01","guid":{"rendered":"https:\/\/cyfryzacja.org\/?page_id=3089"},"modified":"2026-04-11T13:57:05","modified_gmt":"2026-04-11T13:57:05","slug":"agenda-2040-wyniki-badan","status":"publish","type":"page","link":"https:\/\/cyfryzacja.org\/en\/agenda-2040-wyniki-badan\/","title":{"rendered":"Agenda 2040 &#8211; wyniki bada\u0144"},"content":{"rendered":"<div class=\"wp-block-group alignfull has-accent-background-color has-background has-global-padding is-layout-constrained wp-container-core-group-is-layout-669513ed wp-block-group-is-layout-constrained\" style=\"margin-top:0;margin-bottom:0;padding-top:var(--wp--preset--spacing--50);padding-right:var(--wp--preset--spacing--50);padding-bottom:var(--wp--preset--spacing--50);padding-left:var(--wp--preset--spacing--50)\">\n<div class=\"wp-block-columns alignwide is-layout-flex wp-container-core-columns-is-layout-1da03c2a wp-block-columns-is-layout-flex\">\n<div class=\"wp-block-column is-vertically-aligned-stretch is-layout-flow wp-block-column-is-layout-flow\" style=\"flex-basis:50%\">\n<div class=\"wp-block-group is-vertical is-content-justification-stretch is-layout-flex wp-container-core-group-is-layout-444d5ee8 wp-block-group-is-layout-flex\" style=\"min-height:100%\">\n<p class=\"has-heading-font-family has-x-large-font-size\" style=\"line-height:1.2\"><strong>Preliminary results of scenario studies carried out as part of the Polish Digital Resilience Agenda 2040 project \u2013 a model for strategic preparation for the antinomies of digitalisation.<\/strong><\/p>\n<\/div>\n<\/div>\n\n\n\n<div class=\"wp-block-column is-vertically-aligned-center is-layout-flow wp-block-column-is-layout-flow\" style=\"flex-basis:50%\">\n<figure class=\"wp-block-image size-large is-style-rounded is-style-rounded--1\"><img decoding=\"async\" src=\"https:\/\/cyfryzacja.org\/wp-content\/themes\/twentytwentyfour\/assets\/images\/museum.webp\" alt=\"Rampa wzd\u0142u\u017c zakrzywionej \u015bciany w muzeum Kiasma, Helsinki, Finlandia\" style=\"aspect-ratio:3\/4;object-fit:cover\"\/><\/figure>\n<\/div>\n<\/div>\n<\/div>\n\n\n\n<div class=\"wp-block-group alignfull has-base-background-color has-background has-global-padding is-layout-constrained wp-container-core-group-is-layout-d89aad35 wp-block-group-is-layout-constrained\" style=\"margin-top:0;margin-bottom:0;padding-top:var(--wp--preset--spacing--50);padding-right:var(--wp--preset--spacing--50);padding-bottom:var(--wp--preset--spacing--50);padding-left:var(--wp--preset--spacing--50)\">\n<div class=\"wp-block-columns alignwide is-layout-flex wp-container-core-columns-is-layout-549b0c86 wp-block-columns-is-layout-flex\">\n<div class=\"wp-block-column has-global-padding is-content-justification-left is-layout-constrained wp-container-core-column-is-layout-4f15e8fe wp-block-column-is-layout-constrained\" style=\"flex-basis:40%\">\n<p><strong>Zapraszamy do przygody z planowaniem scenariuszowym opartym na metodzie dedukcji wielowymiarowej.<\/strong><\/p>\n\n\n\n<figure class=\"wp-block-image size-large\"><img decoding=\"async\" src=\"https:\/\/cyfryzacja.org\/wp-content\/themes\/twentytwentyfour\/assets\/images\/abstract-geometric-art.webp\" alt=\"\"\/><\/figure>\n<\/div>\n\n\n\n<div class=\"wp-block-column is-layout-flow wp-container-core-column-is-layout-119bc444 wp-block-column-is-layout-flow\" style=\"flex-basis:60%\">\n<p class=\"has-heading-font-family has-x-large-font-size\" style=\"line-height:1.2\">Zasadniczym celem tego typu bada\u0144 <strong>nie jest<\/strong> \u2014 jak powszechnie si\u0119 s\u0105dzi \u2014 pr\u00f3ba przewidzenia przysz\u0142o\u015bci. Scenariusze s\u0105 g\u0142\u00f3wnie narz\u0119dziem testowania strategii.<\/p>\n\n\n\n<div class=\"wp-block-columns is-layout-flex wp-container-core-columns-is-layout-87beb0d0 wp-block-columns-is-layout-flex\">\n<div class=\"wp-block-column is-layout-flow wp-block-column-is-layout-flow\">\n<p class=\"wp-container-content-9cfa9a5a\">Their role is to answer the questions: \"Is a given entity or institution prepared for a specific scenario, and to what extent? What measures should be taken to mitigate its negative effects or take advantage of the opportunities it presents?\" This is intended to encourage institutions to review their strategies, which we hope will contribute to increasing the resilience of institutions, especially economic entities. We have realised that, due to their complexity and labour-intensive nature, such research projects should not be carried out individually, and that institutions need tools of this kind. Is this really the case? The answer to this question depends on you and on how useful our work will be to you.<\/p>\n\n\n\n<p>There is still a lot of work ahead of us in this project. In addition to the publication, we want to use the scenarios to prepare a set of business models for the future for the IT sector and beyond. These will be studies (actually, they already exist) that allow for the optimisation of resources and the setting of long-term strategic goals based on innovative business ideas. At this stage, we are presenting the scenarios themselves. If you are particularly interested in a specific area or scenario, we will provide you with this information individually. We are working on the classic assumption that, due to the volume of material, \"one should not multiply entities beyond what is necessary\".<\/p>\n\n\n\n<p>Please let us know whether you find the tools we have developed useful and whether it is worth continuing this type of work in the future. We also welcome any comments and suggestions regarding the scenarios themselves. We would be extremely grateful for any feedback. We are also happy to help implement the results of our research in the form of individually designed business model proposals. These represent a special kind of resilience. More on this topic can be found at <a href=\"https:\/\/www.ideebiznesowe.pl\/\" target=\"_blank\" rel=\"noreferrer noopener\">https:\/\/www.ideebiznesowe.pl<\/a>.<\/p>\n\n\n\n<p class=\"wp-container-content-9cfa9a5a\">We therefore encourage you to read on. In the presentations, we have tried to present the results of our work in as concise a form as possible. Each presentation contains a short, one-page summary of the scenario. A more detailed summary is also available. As the analytical materials attached below show, all 20 scenarios involve a kind of \"interconnected mechanism\". This means that a given strategic area contains content that is not necessarily directly related to it. For example, the area of social policy is largely dependent on energy \u2014 through \"energy poverty\" and the likely prioritisation of energy supplies for IT systems at the expense of citizens. In turn, the future of energy itself is potentially dependent on the future of industry.<\/p>\n<\/div>\n<\/div>\n<\/div>\n<\/div>\n<\/div>\n\n\n\n<div class=\"wp-block-group alignfull has-accent-5-background-color has-background has-global-padding is-layout-constrained wp-container-core-group-is-layout-d89aad35 wp-block-group-is-layout-constrained\" style=\"margin-top:0;margin-bottom:0;padding-top:var(--wp--preset--spacing--50);padding-right:var(--wp--preset--spacing--50);padding-bottom:var(--wp--preset--spacing--50);padding-left:var(--wp--preset--spacing--50)\">\n<h1 class=\"wp-block-heading\"><strong>Research results<\/strong><\/h1>\n\n\n\n<hr class=\"wp-block-separator has-alpha-channel-opacity\"\/>\n\n\n\n<p data-wp-context---core-fit-text=\"core\/fit-text::{&quot;fontSize&quot;:&quot;&quot;}\" data-wp-init---core-fit-text=\"core\/fit-text::callbacks.init\" data-wp-interactive data-wp-style--font-size=\"core\/fit-text::context.fontSize\" class=\"has-fit-text\"><strong>Integrated results and comparisons<\/strong><\/p>\n\n\n\n<div class=\"wp-block-columns alignwide is-layout-flex wp-container-core-columns-is-layout-1da03c2a wp-block-columns-is-layout-flex\">\n<div class=\"wp-block-column is-layout-flow wp-block-column-is-layout-flow\">\n<div class=\"wp-block-columns is-layout-flex wp-container-core-columns-is-layout-28f84493 wp-block-columns-is-layout-flex\">\n<div class=\"wp-block-column is-layout-flow wp-block-column-is-layout-flow\">\n<ul class=\"wp-block-list\">\n<li><a href=\"https:\/\/cyfryzacja.org\/en\/wiadomosci\/jak-to-zrobilismy\/\">A brief presentation: \u2018How did we do it?\u2019<\/a><\/li>\n\n\n\n<li><a href=\"https:\/\/cyfryzacja.org\/wp-content\/uploads\/2026\/02\/20-scenariuszy.pdf\">General presentation with a description of all 20 scenarios<\/a><\/li>\n\n\n\n<li><a href=\"https:\/\/cyfryzacja.org\/wp-content\/uploads\/2026\/02\/p_a_c_2040_porowanienie.pdf\">Integrated research results<\/a><\/li>\n\n\n\n<li><a href=\"https:\/\/cyfryzacja.org\/wp-content\/uploads\/2026\/02\/edukacja.pdf\"><strong>Comparison of educational scenarios<\/strong><\/a><\/li>\n\n\n\n<li><a href=\"https:\/\/cyfryzacja.org\/wp-content\/uploads\/2026\/02\/energetyka.pdf\"><strong>Comparison of energy scenarios<\/strong><\/a><\/li>\n\n\n\n<li><strong><a href=\"https:\/\/cyfryzacja.org\/wp-content\/uploads\/2026\/03\/gospodarka.pdf\">Comparison of economic scenarios<\/a><\/strong><\/li>\n\n\n\n<li><a href=\"https:\/\/cyfryzacja.org\/wp-content\/uploads\/2026\/02\/it.pdf\"><strong>Comparison of IT scenarios<\/strong><\/a><\/li>\n\n\n\n<li><a href=\"https:\/\/cyfryzacja.org\/wp-content\/uploads\/2026\/02\/polityka_spoleczna_zdrowotna.pdf\"><strong>Comparison of scenarios in the area of social and health policy<\/strong><\/a><\/li>\n\n\n\n<li><a href=\"https:\/\/cyfryzacja.org\/wp-content\/uploads\/2026\/02\/1_macierz_problemow_strategicznych.pdf\">Matrix of strategic issues<\/a><\/li>\n\n\n\n<li><a href=\"https:\/\/cyfryzacja.org\/wp-content\/uploads\/2026\/02\/2_analiza-miedzysektorowa.pdf\">Cross-sector analysis<\/a><\/li>\n\n\n\n<li><a href=\"https:\/\/cyfryzacja.org\/wp-content\/uploads\/2026\/02\/3_statystyki-i-wykresy.pdf\">Statistics and charts<\/a><\/li>\n\n\n\n<li><a href=\"https:\/\/cyfryzacja.org\/wp-content\/uploads\/2026\/03\/charakterystyka-scenariuszy.pdf\">One-page scenario overview<\/a> <\/li>\n<\/ul>\n<\/div>\n<\/div>\n<\/div>\n<\/div>\n\n\n\n<hr class=\"wp-block-separator has-alpha-channel-opacity\"\/>\n\n\n\n<h2 class=\"wp-block-heading\"><strong>Scenarios<\/strong><\/h2>\n\n\n\n<figure class=\"wp-block-table alignwide\"><table class=\"has-fixed-layout\"><tbody><tr><td><strong>Strategic area<\/strong><\/td><td><strong>Scenario<\/strong><\/td><td><strong>Presentation<\/strong><\/td><td><strong>Synopsis<\/strong><\/td><\/tr><tr><td><strong>Education, schooling and learning<\/strong><\/td><td>\"Her Highness Emergence\"<\/td><td>&nbsp;<a href=\"https:\/\/cyfryzacja.org\/wp-content\/uploads\/2026\/03\/edu_1.pdf\" target=\"_blank\" rel=\"noreferrer noopener\">pdf<\/a><\/td><td>&nbsp;<a href=\"https:\/\/cyfryzacja.org\/wp-content\/uploads\/2026\/03\/EDU_1_short.pdf\">pdf<\/a><\/td><\/tr><tr><td>&nbsp;<\/td><td>\"Stratified worlds\"<\/td><td>&nbsp;<a href=\"https:\/\/cyfryzacja.org\/wp-content\/uploads\/2026\/03\/edu_2.pdf\">pdf<\/a><\/td><td>&nbsp;<a href=\"https:\/\/cyfryzacja.org\/wp-content\/uploads\/2026\/03\/EDU_2_short.pdf\">pdf<\/a><\/td><\/tr><tr><td>&nbsp;<\/td><td>\"Phoenix from the ashes\"<\/td><td>&nbsp;<a href=\"https:\/\/cyfryzacja.org\/wp-content\/uploads\/2026\/03\/edu_3.pdf\">pdf<\/a><\/td><td>&nbsp;<a href=\"https:\/\/cyfryzacja.org\/wp-content\/uploads\/2026\/03\/EDU_3_short.pdf\">pdf<\/a><\/td><\/tr><tr><td>&nbsp;<\/td><td>The Obedience Factory<\/td><td>&nbsp;<a href=\"https:\/\/cyfryzacja.org\/wp-content\/uploads\/2026\/03\/edu_4.pdf\">pdf<\/a><\/td><td>&nbsp;<a href=\"https:\/\/cyfryzacja.org\/wp-content\/uploads\/2026\/03\/EDU_4_short.pdf\">pdf<\/a><\/td><\/tr><tr><td><\/td><td>&nbsp;<\/td><td>&nbsp;<\/td><td>&nbsp;<\/td><\/tr><tr><td><strong>Energy<\/strong><\/td><td>\"Window of resources and potential\"<\/td><td>&nbsp;<a href=\"https:\/\/cyfryzacja.org\/wp-content\/uploads\/2026\/03\/ener_1.pdf\">pdf<\/a><\/td><td>&nbsp;<a href=\"https:\/\/cyfryzacja.org\/wp-content\/uploads\/2026\/03\/ENE_1_short.pdf\">pdf<\/a><\/td><\/tr><tr><td>&nbsp;<\/td><td>\"The digital foundation for development\"<\/td><td>&nbsp;<a href=\"https:\/\/cyfryzacja.org\/wp-content\/uploads\/2026\/03\/ener_2.pdf\">pdf<\/a><\/td><td>&nbsp;<a href=\"https:\/\/cyfryzacja.org\/wp-content\/uploads\/2026\/03\/ENE_2_short.pdf\">pdf<\/a><\/td><\/tr><tr><td>&nbsp;<\/td><td>\"Short duvet\"<\/td><td>&nbsp;<a href=\"https:\/\/cyfryzacja.org\/wp-content\/uploads\/2026\/03\/ener_3.pdf\">pdf<\/a><\/td><td>&nbsp;<a href=\"https:\/\/cyfryzacja.org\/wp-content\/uploads\/2026\/03\/ENE_3_short.pdf\">pdf<\/a><\/td><\/tr><tr><td>&nbsp;<\/td><td>\"Systemic instability\"<\/td><td>&nbsp;<a href=\"https:\/\/cyfryzacja.org\/wp-content\/uploads\/2026\/03\/ener_4.pdf\">pdf<\/a><\/td><td>&nbsp;<a href=\"https:\/\/cyfryzacja.org\/wp-content\/uploads\/2026\/03\/ENE_4_short.pdf\">pdf<\/a><\/td><\/tr><tr><td><\/td><td>&nbsp;<\/td><td>&nbsp;<\/td><td>&nbsp;<\/td><\/tr><tr><td><strong>&nbsp;Economy and competitiveness of enterprises<\/strong><\/td><td>The Polish paradox<\/td><td>&nbsp;<a href=\"https:\/\/cyfryzacja.org\/wp-content\/uploads\/2026\/03\/gosp_1.pdf\">pdf<\/a><\/td><td>&nbsp;<a href=\"https:\/\/cyfryzacja.org\/wp-content\/uploads\/2026\/03\/GOS_1_short.pdf\">pdf<\/a><\/td><\/tr><tr><td>&nbsp;<\/td><td>\"Between automation and the social value of work\"<\/td><td>&nbsp;<a href=\"https:\/\/cyfryzacja.org\/wp-content\/uploads\/2026\/03\/gosp_2.pdf\">pdf<\/a><\/td><td>&nbsp;<a href=\"https:\/\/cyfryzacja.org\/wp-content\/uploads\/2026\/03\/GOS_2_short.pdf\">pdf<\/a><\/td><\/tr><tr><td>&nbsp;<\/td><td>The paradox of Poland's transformation<\/td><td>&nbsp;<a href=\"https:\/\/cyfryzacja.org\/wp-content\/uploads\/2026\/03\/gosp_3.pdf\">pdf<\/a><\/td><td>&nbsp;<a href=\"https:\/\/cyfryzacja.org\/wp-content\/uploads\/2026\/03\/GOS_3_short.pdf\">pdf<\/a><\/td><\/tr><tr><td>&nbsp;<\/td><td>\"Techno-polarisation\"<\/td><td>&nbsp;<a href=\"https:\/\/cyfryzacja.org\/wp-content\/uploads\/2026\/03\/gosp_4.pdf\">pdf<\/a><\/td><td>&nbsp;<a href=\"https:\/\/cyfryzacja.org\/wp-content\/uploads\/2026\/03\/GOS_4_short.pdf\">pdf<\/a><\/td><\/tr><tr><td><\/td><td>&nbsp;<\/td><td>&nbsp;<\/td><td>&nbsp;<\/td><\/tr><tr><td><strong>&nbsp;Internet and IT<\/strong><\/td><td>Towards an integrated digital-biological infrastructure<\/td><td>&nbsp;<a href=\"https:\/\/cyfryzacja.org\/wp-content\/uploads\/2026\/03\/IT_1.pdf\">pdf<\/a><\/td><td>&nbsp;<a href=\"https:\/\/cyfryzacja.org\/wp-content\/uploads\/2026\/03\/IT_1_short.pdf\">pdf<\/a><\/td><\/tr><tr><td>&nbsp;<\/td><td>\"Convergence of seven vectors\"<\/td><td>&nbsp;<a href=\"https:\/\/cyfryzacja.org\/wp-content\/uploads\/2026\/03\/IT_2.pdf\">pdf<\/a><\/td><td>&nbsp;<a href=\"https:\/\/cyfryzacja.org\/wp-content\/uploads\/2026\/03\/IT_2_short.pdf\">pdf<\/a><\/td><\/tr><tr><td>&nbsp;<\/td><td>CyberTransformation<\/td><td>&nbsp;<a href=\"https:\/\/cyfryzacja.org\/wp-content\/uploads\/2026\/03\/IT_3.pdf\">pdf<\/a><\/td><td>&nbsp;<a href=\"https:\/\/cyfryzacja.org\/wp-content\/uploads\/2026\/03\/IT_3_short.pdf\">pdf<\/a><\/td><\/tr><tr><td>&nbsp;<\/td><td>\"Reconfiguration\"<\/td><td>&nbsp;<a href=\"https:\/\/cyfryzacja.org\/wp-content\/uploads\/2026\/03\/IT_4.pdf\">pdf<\/a><\/td><td>&nbsp;<a href=\"https:\/\/cyfryzacja.org\/wp-content\/uploads\/2026\/03\/IT_4_short.pdf\">pdf<\/a><\/td><\/tr><tr><td><\/td><td>&nbsp;<\/td><td>&nbsp;<\/td><td>&nbsp;<\/td><\/tr><tr><td>&nbsp;<strong>Polityka spo\u0142eczna i zdrowotna<\/strong><\/td><td>\"Hyperprotective system\"<\/td><td>&nbsp;<a href=\"https:\/\/cyfryzacja.org\/wp-content\/uploads\/2026\/03\/pol_1.pdf\">pdf<\/a><\/td><td>&nbsp;<a href=\"https:\/\/cyfryzacja.org\/wp-content\/uploads\/2026\/03\/POL_1_short.pdf\">pdf<\/a><\/td><\/tr><tr><td>&nbsp;<\/td><td>\"Hybrid reality\"<\/td><td>&nbsp;<a href=\"https:\/\/cyfryzacja.org\/wp-content\/uploads\/2026\/03\/pol_2.pdf\">pdf<\/a><\/td><td>&nbsp;<a href=\"https:\/\/cyfryzacja.org\/wp-content\/uploads\/2026\/03\/POL_2_short.pdf\">pdf<\/a><\/td><\/tr><tr><td>&nbsp;<\/td><td>\"Digital Judo\"<\/td><td>&nbsp;<a href=\"https:\/\/cyfryzacja.org\/wp-content\/uploads\/2026\/03\/pol_3.pdf\">pdf<\/a><\/td><td>&nbsp;<a href=\"https:\/\/cyfryzacja.org\/wp-content\/uploads\/2026\/03\/POL_3_short.pdf\">pdf<\/a><\/td><\/tr><tr><td>&nbsp;<\/td><td>\"Crisis convergence\"<\/td><td>&nbsp;<a href=\"https:\/\/cyfryzacja.org\/wp-content\/uploads\/2026\/03\/pol_4.pdf\">pdf<\/a><\/td><td>&nbsp;<a href=\"https:\/\/cyfryzacja.org\/wp-content\/uploads\/2026\/03\/POL_4_short.pdf\">pdf<\/a><\/td><\/tr><\/tbody><\/table><\/figure>\n<\/div>\n\n\n\n<div class=\"wp-block-group alignfull has-global-padding is-layout-constrained wp-container-core-group-is-layout-669513ed wp-block-group-is-layout-constrained\" style=\"margin-top:0;margin-bottom:0;padding-top:var(--wp--preset--spacing--50);padding-right:var(--wp--preset--spacing--50);padding-bottom:var(--wp--preset--spacing--50);padding-left:var(--wp--preset--spacing--50)\">\n<div class=\"wp-block-group is-vertical is-content-justification-center is-layout-flex wp-container-core-group-is-layout-ce155fab wp-block-group-is-layout-flex\">\n<h2 class=\"wp-block-heading has-text-align-center has-xx-large-font-size\">contact us<\/h2>\n\n\n\n<p class=\"has-text-align-center\">We look forward to receiving your comments and thoughts.<\/p>\n\n\n\n<p><a href=\"mailto:info@cyfryzacja.org\">info@cyfryzacja.org<\/a><\/p>\n<\/div>\n\n\n\n<div style=\"height:var(--wp--preset--spacing--30)\" aria-hidden=\"true\" class=\"wp-block-spacer\"><\/div>\n<\/div>\n\n\n\n<p class=\"has-text-align-center\">The materials on this website may be published elsewhere and freely processed, provided that the source is acknowledged.<\/p>\n\n\n\n<p><\/p>","protected":false},"excerpt":{"rendered":"<p>Wst\u0119pne wyniki bada\u0144 scenariuszowych zrealizowanych w ramach projektu Polska Agenda Odporno\u015bci Cyfrowej 2040\u2013 model strategicznego przygotowania na antynomie cyfryzacji. Zapraszamy do przygody z planowaniem scenariuszowym opartym na metodzie dedukcji wielowymiarowej. Zasadniczym celem tego typu bada\u0144 nie jest \u2014 jak powszechnie si\u0119 s\u0105dzi \u2014 pr\u00f3ba przewidzenia przysz\u0142o\u015bci. Scenariusze s\u0105 g\u0142\u00f3wnie narz\u0119dziem testowania strategii. Ich rol\u0105 jest [&hellip;]<\/p>\n","protected":false},"author":4,"featured_media":0,"parent":0,"menu_order":0,"comment_status":"open","ping_status":"closed","template":"","meta":{"footnotes":""},"class_list":["post-3089","page","type-page","status-publish","hentry"],"_links":{"self":[{"href":"https:\/\/cyfryzacja.org\/en\/wp-json\/wp\/v2\/pages\/3089","targetHints":{"allow":["GET"]}}],"collection":[{"href":"https:\/\/cyfryzacja.org\/en\/wp-json\/wp\/v2\/pages"}],"about":[{"href":"https:\/\/cyfryzacja.org\/en\/wp-json\/wp\/v2\/types\/page"}],"author":[{"embeddable":true,"href":"https:\/\/cyfryzacja.org\/en\/wp-json\/wp\/v2\/users\/4"}],"replies":[{"embeddable":true,"href":"https:\/\/cyfryzacja.org\/en\/wp-json\/wp\/v2\/comments?post=3089"}],"version-history":[{"count":23,"href":"https:\/\/cyfryzacja.org\/en\/wp-json\/wp\/v2\/pages\/3089\/revisions"}],"predecessor-version":[{"id":3396,"href":"https:\/\/cyfryzacja.org\/en\/wp-json\/wp\/v2\/pages\/3089\/revisions\/3396"}],"wp:attachment":[{"href":"https:\/\/cyfryzacja.org\/en\/wp-json\/wp\/v2\/media?parent=3089"}],"curies":[{"name":"wp","href":"https:\/\/api.w.org\/{rel}","templated":true}]}}