{"id":2964,"date":"2025-10-16T15:11:21","date_gmt":"2025-10-16T15:11:21","guid":{"rendered":"https:\/\/cyfryzacja.org\/?page_id=2964"},"modified":"2026-03-30T07:02:57","modified_gmt":"2026-03-30T07:02:57","slug":"oferta","status":"publish","type":"page","link":"https:\/\/cyfryzacja.org\/en\/oferta\/","title":{"rendered":"Offer"},"content":{"rendered":"<figure class=\"wp-block-image aligncenter size-large\"><img loading=\"lazy\" decoding=\"async\" width=\"1024\" height=\"585\" src=\"https:\/\/cyfryzacja.org\/wp-content\/uploads\/2025\/10\/modern_illustration-1024x585.png\" alt=\"\" class=\"wp-image-2971\" srcset=\"https:\/\/cyfryzacja.org\/wp-content\/uploads\/2025\/10\/modern_illustration-1024x585.png 1024w, https:\/\/cyfryzacja.org\/wp-content\/uploads\/2025\/10\/modern_illustration-300x171.png 300w, https:\/\/cyfryzacja.org\/wp-content\/uploads\/2025\/10\/modern_illustration-768x439.png 768w, https:\/\/cyfryzacja.org\/wp-content\/uploads\/2025\/10\/modern_illustration-18x10.png 18w, https:\/\/cyfryzacja.org\/wp-content\/uploads\/2025\/10\/modern_illustration.png 1344w\" sizes=\"auto, (max-width: 1024px) 100vw, 1024px\" \/><\/figure>\n\n\n\n<div class=\"wp-block-columns is-layout-flex wp-container-core-columns-is-layout-28f84493 wp-block-columns-is-layout-flex\">\n<div class=\"wp-block-column is-layout-flow wp-block-column-is-layout-flow\" style=\"flex-basis:25%\"><\/div>\n\n\n\n<div class=\"wp-block-column is-layout-flow wp-block-column-is-layout-flow\" style=\"flex-basis:50%\">\n<p>The times in which we live require us to use unprecedented mechanisms to support our flexibility and strengthen our competitive position. For many years, we have been building our strategic and research capacity to meet these challenges.<\/p>\n\n\n\n<p>The Polish Digital Society is an organisation whose mission is to build resilience systems in many areas of social and economic life. A key role is played by the creation and application of new added value in enterprises. Since the beginning of our activity, we have managed to develop unique methodologies for building competitive advantage. The organisation is concerted in the creation and implementation of mechanisms for the acquisition of strategic resilience in a broader context. A core area of activity is building competitive advantages in enterprises and supporting the diversification of activities.<\/p>\n\n\n\n<p><strong>Offer<\/strong><\/p>\n\n\n\n<p>Program &#8222;Eksplozja Przedsi\u0119biorczo\u015bci&#8221; <a href=\"https:\/\/cyfryzacja.org\/en\/wiadomosci\/eksplozja-przedsiebiorczosci-nowa-inicjatywa-ptc\/\" data-type=\"post\" data-id=\"2986\">wi\u0119cej o programie<\/a>.<\/p>\n\n\n\n<p>Nasza oferta jest wynikiem realizowanych przez nas projekt\u00f3w tworz\u0105c zintegrowany mechanizm odporno\u015bci dla instytucji i nowych \u017ar\u00f3de\u0142 koniunktury dla przedsi\u0119biorstw.<\/p>\n\n\n\n<p><strong>For companies<\/strong><\/p>\n\n\n\n<p>&#8211; <strong>Tworzenie nowych model biznesowych<\/strong> na istniej\u0105cym potencjale przedsi\u0119biorstwa. Wi\u0119cej na https:\/\/ideebiznesowe.pl<\/p>\n\n\n\n<p>&#8211; <strong>Audyt odporno\u015bciowy b\u0119d\u0105cy wynikiem bada\u0144 scenariuszowych<\/strong>. Sprawdza on czy dany biznes jest przygotowany na now\u0105 rzeczywisto\u015b\u0107, kt\u00f3ra mo\u017ce nadej\u015b\u0107. Pomaga zawczasu podj\u0119\u0107 dzia\u0142ania nie przewidziane dotychczasow\u0105 strategi\u0105.<\/p>\n\n\n\n<p>&#8211; <strong>Kwalifikacje awaryjne.<\/strong> To badania pozwalaj\u0105ce na wykrycie krytycznych stanowisk pracy i cz\u0119sto niesformalizowanych funkcji w strukturze organizacji, kt\u00f3re wymagaj\u0105 szczeg\u00f3lnej opieki i ochrony.<\/p>\n\n\n\n<p>&#8211; <strong>Tworzenie strategii przedsi\u0119biorstw<\/strong> i ich grup w oparciu o badania scenariuszowe.<\/p>\n\n\n\n<p>&#8211; <strong>Ocena lokalnej koniunktury gospodarczej<\/strong> w otoczeniu przedsi\u0119biorstwa lub na rynkach docelowych,<\/p>\n\n\n\n<p>&#8211; <strong>Poszukiwanie i analiza zasob\u00f3w lokalnych<\/strong> pozwalaj\u0105cych na konstrukcj\u0119 unikalnych modeli biznesu.<\/p>\n\n\n\n<p><strong>Dla organizacji otoczenia biznesu i podmiot\u00f3w publicznych<\/strong><\/p>\n\n\n\n<p>&#8211; <strong>Sektorowy audyt odporno\u015bciowy<\/strong> dotycz\u0105cy zagro\u017ce\u0144 zwi\u0105zanych z automatyzacj\u0105 i cyfryzacj\u0105 otoczenia,<\/p>\n\n\n\n<p>&#8211; <strong>Eksplozja przedsi\u0119biorczo\u015bci<\/strong> czyli czas na polskie korporacje. Na basie zrealizowanych audytor\u00f3w tworz\u0105cych nowe modele biznesowe mo\u017cliwe jest stworzenie nowego \u201eparasolowego\u201d modelu biznesu integruj\u0105cego potencja\u0142 wielu podmiot\u00f3w gospodarczych.<\/p>\n\n\n\n<p>&#8211; <strong>Badania scenariuszowe<\/strong> oparte na metodzie dedukcji wielowymiarowej.\u00a0<\/p>\n\n\n\n<p>&#8211; <strong>Projektowane przysz\u0142ych kierunk\u00f3w kszta\u0142cenia szk\u00f3\u0142 bran\u017cowych i wy\u017cszych<\/strong> dostosowanych do dynamiki rynku pracy.\u00a0<\/p>\n\n\n\n<hr class=\"wp-block-separator has-alpha-channel-opacity\"\/>\n\n\n\n<p><strong>A subjective approach to your needs<\/strong><\/p>\n\n\n\n<p>On the basis of an individually designed analytical process carried out on the basis of the components indicated above, we create corporate and institutional resilience strategies. We do not avoid challenges. We are willing to listen to your needs in order to design tailor-made solutions.<\/p>\n\n\n\n<p><strong>How to take advantage of our offer?<\/strong><\/p>\n\n\n\n<p class=\"translation-block\">Please fill in the <a href=\"https:\/\/cyfryzacja.org\/en\/kontakt\/\" data-type=\"page\" data-id=\"1653\" target=\"_self\">form under \"Contact\"<\/a> and we will be happy to arrange an individual meeting and set out the terms of cooperation.<\/p>\n<\/div>\n\n\n\n<div class=\"wp-block-column is-layout-flow wp-block-column-is-layout-flow\" style=\"flex-basis:25%\"><\/div>\n<\/div>\n\n\n\n<p><\/p>","protected":false},"excerpt":{"rendered":"<p>Czasy, w kt\u00f3rych przysz\u0142o nam \u017cy\u0107 wymagaj\u0105 od nas stosowania bezprecedensowych mechanizm\u00f3w wspieraj\u0105cych nasz\u0105 elastyczno\u015b\u0107 i wzmacniaj\u0105cych pozycj\u0119 konkurencyjn\u0105. Od wielu lat budujemy nasz potencja\u0142 strategiczny i badawczy, aby sprosta\u0107 tym wyzwaniom. Polskie Towarzystwo Cyfrowe jest organizacj\u0105, kt\u00f3rej misj\u0105 jest budowanie system\u00f3w odporno\u015bci w wielu obszarach \u017cycia spo\u0142ecznego i gospodarczego. Kluczow\u0105 rol\u0119 odgrywa kreacja i [&hellip;]<\/p>\n","protected":false},"author":4,"featured_media":0,"parent":0,"menu_order":0,"comment_status":"closed","ping_status":"closed","template":"","meta":{"footnotes":""},"class_list":["post-2964","page","type-page","status-publish","hentry"],"_links":{"self":[{"href":"https:\/\/cyfryzacja.org\/en\/wp-json\/wp\/v2\/pages\/2964","targetHints":{"allow":["GET"]}}],"collection":[{"href":"https:\/\/cyfryzacja.org\/en\/wp-json\/wp\/v2\/pages"}],"about":[{"href":"https:\/\/cyfryzacja.org\/en\/wp-json\/wp\/v2\/types\/page"}],"author":[{"embeddable":true,"href":"https:\/\/cyfryzacja.org\/en\/wp-json\/wp\/v2\/users\/4"}],"replies":[{"embeddable":true,"href":"https:\/\/cyfryzacja.org\/en\/wp-json\/wp\/v2\/comments?post=2964"}],"version-history":[{"count":13,"href":"https:\/\/cyfryzacja.org\/en\/wp-json\/wp\/v2\/pages\/2964\/revisions"}],"predecessor-version":[{"id":3378,"href":"https:\/\/cyfryzacja.org\/en\/wp-json\/wp\/v2\/pages\/2964\/revisions\/3378"}],"wp:attachment":[{"href":"https:\/\/cyfryzacja.org\/en\/wp-json\/wp\/v2\/media?parent=2964"}],"curies":[{"name":"wp","href":"https:\/\/api.w.org\/{rel}","templated":true}]}}