{"id":2948,"date":"2025-10-05T13:52:45","date_gmt":"2025-10-05T13:52:45","guid":{"rendered":"https:\/\/cyfryzacja.org\/?page_id=2948"},"modified":"2025-10-05T17:57:56","modified_gmt":"2025-10-05T17:57:56","slug":"wyszukiwarka","status":"publish","type":"page","link":"https:\/\/cyfryzacja.org\/en\/wyszukiwarka\/","title":{"rendered":"Wyszukiwarka"},"content":{"rendered":"<div class=\"wp-block-group has-global-padding is-layout-constrained wp-block-group-is-layout-constrained\">\n<div class=\"wp-block-columns is-layout-flex wp-container-core-columns-is-layout-28f84493 wp-block-columns-is-layout-flex\">\n<div class=\"wp-block-column is-layout-flow wp-block-column-is-layout-flow\" style=\"flex-basis:100%\">\n<p>Zapraszamy do przetestowania nowego narz\u0119dzia i zapoznania si\u0119 z ofert\u0105 wy\u017cszych uczelni z ca\u0142ej Polski. Wyszukiwarka opiera si\u0119 na bazie powsta\u0142ej w ramach projektu \u201eSystem oceny bada\u0144 naukowych pod k\u0105tem mo\u017cliwo\u015bci kreowania nowych modeli biznesowych\u201d, by\u0142a wykorzystywana jako narz\u0119dzie promocji oferty \u015brodowisk naukowych i by\u0142a dost\u0119pna na stronie&nbsp;<a href=\"https:\/\/www.ideebiznesowe.pl\/\">https:\/\/www.ideebiznesowe.pl\/<\/a>. Po aktualizacji przybra\u0142a \u2013 jak nam si\u0119 wydaje atrakcyjniejsz\u0105 i bardziej dost\u0119pn\u0105 form\u0119.<\/p>\n<\/div>\n<\/div>\n<\/div>\n\n\n\n<div class=\"wp-block-group has-global-padding is-layout-constrained wp-block-group-is-layout-constrained\">\n<p>Test version of the search engine. We invite you to learn about the offer of higher education institutions from all over Poland. The database contains an offer of 119 of the most vibrant Polish universities from 352 existing universities.\u00a0 The offer includes 12 key branches of the economy. The database was created on the basis of a list of the Ministry of Science and Higher Education, data from the Central Statistical Office (GUS), information from the RAD system and actual offers of HEIs made using the desk research method.<\/p>\n<\/div>\n\n\n\n<div class=\"wp-block-group has-global-padding is-layout-constrained wp-block-group-is-layout-constrained\">\n<pre class=\"wp-block-preformatted\">We invite you to test and share your opinion on this initiative.<\/pre>\n<\/div>\n\n\n\n<style>\n.embed-container {\n    position: relative;\n    width: 100%;\n    max-width: 1200px;\n    margin: 20px auto;\n    box-shadow: 0 4px 15px rgba(0,0,0,0.1);\n    border-radius: 8px;\n    overflow: hidden;\n    background: #f8f9fa;\n}\n\n.embed-header {\n    background: linear-gradient(135deg, #667eea 0%, #764ba2 100%);\n    color: white;\n    padding: 15px 20px;\n    font-family: Arial, sans-serif;\n    font-weight: 500;\n}\n\n.embed-iframe {\n    width: 100%;\n    height: 1600px;\n    border: none;\n    display: block;\n}\n\n@media (max-width: 768px) {\n    .embed-iframe {\n        height: 400px;\n    }\n}\n<\/style>\n\n<div class=\"embed-container\">\n    <div class=\"embed-header\">\n    <\/div>\n    <iframe \n        src=\"https:\/\/smcifzia.gensparkspace.com\"\n        class=\"embed-iframe\"\n        title=\"Stylizowana osadzona strona\"\n        loading=\"lazy\">\n    <\/iframe>\n<\/div>","protected":false},"excerpt":{"rendered":"<p>Zapraszamy do przetestowania nowego narz\u0119dzia i zapoznania si\u0119 z ofert\u0105 wy\u017cszych uczelni z ca\u0142ej Polski. Wyszukiwarka opiera si\u0119 na bazie powsta\u0142ej w ramach projektu \u201eSystem oceny bada\u0144 naukowych pod k\u0105tem mo\u017cliwo\u015bci kreowania nowych modeli biznesowych\u201d, by\u0142a wykorzystywana jako narz\u0119dzie promocji oferty \u015brodowisk naukowych i by\u0142a dost\u0119pna na stronie&nbsp;https:\/\/www.ideebiznesowe.pl\/. Po aktualizacji przybra\u0142a \u2013 jak nam si\u0119 [&hellip;]<\/p>\n","protected":false},"author":4,"featured_media":0,"parent":0,"menu_order":0,"comment_status":"closed","ping_status":"closed","template":"","meta":{"footnotes":""},"class_list":["post-2948","page","type-page","status-publish","hentry"],"_links":{"self":[{"href":"https:\/\/cyfryzacja.org\/en\/wp-json\/wp\/v2\/pages\/2948","targetHints":{"allow":["GET"]}}],"collection":[{"href":"https:\/\/cyfryzacja.org\/en\/wp-json\/wp\/v2\/pages"}],"about":[{"href":"https:\/\/cyfryzacja.org\/en\/wp-json\/wp\/v2\/types\/page"}],"author":[{"embeddable":true,"href":"https:\/\/cyfryzacja.org\/en\/wp-json\/wp\/v2\/users\/4"}],"replies":[{"embeddable":true,"href":"https:\/\/cyfryzacja.org\/en\/wp-json\/wp\/v2\/comments?post=2948"}],"version-history":[{"count":2,"href":"https:\/\/cyfryzacja.org\/en\/wp-json\/wp\/v2\/pages\/2948\/revisions"}],"predecessor-version":[{"id":2957,"href":"https:\/\/cyfryzacja.org\/en\/wp-json\/wp\/v2\/pages\/2948\/revisions\/2957"}],"wp:attachment":[{"href":"https:\/\/cyfryzacja.org\/en\/wp-json\/wp\/v2\/media?parent=2948"}],"curies":[{"name":"wp","href":"https:\/\/api.w.org\/{rel}","templated":true}]}}