{"id":2374,"date":"2024-05-31T07:21:42","date_gmt":"2024-05-31T07:21:42","guid":{"rendered":"https:\/\/cyfryzacja.org\/?page_id=2374"},"modified":"2024-05-31T07:34:55","modified_gmt":"2024-05-31T07:34:55","slug":"agenda-konferencji","status":"publish","type":"page","link":"https:\/\/cyfryzacja.org\/en\/agenda-konferencji\/","title":{"rendered":"Agenda Konferencji"},"content":{"rendered":"<figure class=\"wp-block-image aligncenter size-full\"><img loading=\"lazy\" decoding=\"async\" width=\"711\" height=\"191\" src=\"https:\/\/cyfryzacja.org\/wp-content\/uploads\/2024\/05\/loga_konf_CBW.png\" alt=\"\" class=\"wp-image-2377\" srcset=\"https:\/\/cyfryzacja.org\/wp-content\/uploads\/2024\/05\/loga_konf_CBW.png 711w, https:\/\/cyfryzacja.org\/wp-content\/uploads\/2024\/05\/loga_konf_CBW-300x81.png 300w, https:\/\/cyfryzacja.org\/wp-content\/uploads\/2024\/05\/loga_konf_CBW-18x5.png 18w\" sizes=\"auto, (max-width: 711px) 100vw, 711px\" \/><\/figure>\n\n\n\n<div class=\"wp-block-columns is-layout-flex wp-container-core-columns-is-layout-28f84493 wp-block-columns-is-layout-flex\">\n<div class=\"wp-block-column is-layout-flow wp-block-column-is-layout-flow\" style=\"flex-basis:25%\"><\/div>\n\n\n\n<div class=\"wp-block-column is-layout-flow wp-block-column-is-layout-flow\" style=\"flex-basis:50%\">\n<h2 class=\"wp-block-heading\">Agenda Konferencji<\/h2>\n\n\n\n<p><br>16 maja 2024 r.<br>9.00-9.20 Rejestracja uczestnik\u00f3w<\/p>\n\n\n\n<p>9.30-9.45 Otwarcie Konferencji<\/p>\n\n\n\n<p>Aula G\u0142\u00f3wna<br>dr hab. Malina Kaszuba, prof. uczelni \u2013 Dziekan Wydzia\u0142u Nauk Spo\u0142ecznych Uniwersytetu w Siedlcach<br>dr Jan Tarczy\u0144ski \u2013 Dyrektor Centralnej Biblioteki Wojskowej <br>im. marsza\u0142ka J\u00f3zefa Pi\u0142sudskiego w Warszawie<br>dr hab. Stanis\u0142aw Topolewski, prof. uczelni \u2013 Przewodnicz\u0105cy Komitetu Naukowego konferencji<br><br>wyst\u0105pienia zaproszonych Go\u015bci<\/p>\n\n\n\n<p>9.45-11.00 Panel I<br>Aula G\u0142\u00f3wna<br>Prowadzenie: dr hab. Krzysztof Drabik, prof. uczelni<\/p>\n\n\n\n<p>9.45-10.00 dr hab. S\u0142awomir Zalewski, prof. WSB Merito, Uniwersytet WSB Merito w Gda\u0144sku, Relatywizacja informacji niejawnych w aspekcie bezpiecze\u0144stwa pa\u0144stwa<\/p>\n\n\n\n<p>10.00-10.15 dr hab. Tomasz Skrzy\u0144ski, prof. UKEN, Uniwersytet Komisji Edukacji Narodowej w Krakowie, Mi\u0119dzy bezpiecze\u0144stwem informacyjnym a geopolityk\u0105 \u2013 komunikacja strategiczna w XXI w. z punktu widzenia nauk o bezpiecze\u0144stwie<\/p>\n\n\n\n<p>10.15-10.30 dr hab. in\u017c. Robert Bia\u0142osk\u00f3rski, prof. uczelni, Uniwersytet w Siedlcach, Bezpiecze\u0144stwo informacyjne: strukturalna koncepcja poj\u0119ciowa<\/p>\n\n\n\n<p>10.30-10.45 dr Juliusz Sikorski, Akademia im. Jakuba z Parady\u017ca w Gorzowie Wielkopolskim, Ochrona tajemnic jako fundament defensywnej wojny informacyjnej w wybranych koncepcjach teoretycznych<\/p>\n\n\n\n<p>10.45-11.00 mgr Maria Osierda, Departament Ochrony Informacji Niejawnych Ministerstwa Obrony Narodowej, Przetwarzanie danych osobowych w Si\u0142ach Zbrojnych RP w warunkach aktualnych zagro\u017ce\u0144 dla bezpiecze\u0144stwa Polski<\/p>\n\n\n\n<p>11.00-11.30 Przerwa na kaw\u0119<\/p>\n\n\n\n<p>11.30-13.15 Panel II<br>Aula G\u0142\u00f3wna<br>Prowadzenie: dr hab. Henryk Wyr\u0119bek, prof. uczelni<\/p>\n\n\n\n<p>11.30-11.45 dr hab. Krzysztof Drabik, prof. uczelni, Uniwersytet w Siedlcach, Informacja jako nowy parametr ryzyka w p\u00f3\u017anej nowoczesno\u015bci<\/p>\n\n\n\n<p>11.45-12.00 p\u0142k dr hab. in\u017c. Robert Janczewski, prof. AMW, Morskie Centrum Cyberbezpiecze\u0144stwa Akademii Marynarki Wojennej im. Bohater\u00f3w Westerplatte w Gdyni, Ochrona informacji w przestrzeni walki XXI wieku<\/p>\n\n\n\n<p>12.00-12.15 dr hab. Hanna Batorowska, prof. AszWoj, Akademia Sztuki Wojennej w Warszawie, Zagro\u017cenie dla bezpiecze\u0144stwa informacji zwi\u0105zane z wyst\u0119powaniem zak\u0142\u00f3ce\u0144 transferu informacji na poszczeg\u00f3lnych etapach procesu informacyjnego<\/p>\n\n\n\n<p>12.15-12.30 p\u0142k mgr Sylwester Strzy\u017cewski, S\u0142u\u017cba Kontrwywiadu Wojskowego, Zagro\u017cenia dla bezpiecze\u0144stwa informacji. R\u00f3\u017cnice i do\u015bwiadczenia na przestrzeni 100 lat<\/p>\n\n\n\n<p>12.30-12.45 dr Maria Hapunik, Komenda Wojew\u00f3dzka Policji w Bia\u0142ymstoku, Czynno\u015bci operacyjno-rozpoznawcze. Potrzeba zmian regulacji prawnych i proceduralnych<\/p>\n\n\n\n<p>12.45-13.00 dr Andrzej Skwarski, Akademia im. Jakuba z Parady\u017ca w Gorzowie Wielkopolskim, Zagro\u017cenia realizacji czynno\u015bci operacyjno-rozpoznawczych w kontek\u015bcie ochrony informacji niejawnych<\/p>\n\n\n\n<p>13.00-13.15 pp\u0142k dr in\u017c. Bart\u0142omiej Terebi\u0144ski, dr in\u017c. Marek Stolarz, Akademia Sztuki Wojennej, OSINT a zapewnienie ochrony informacji prawnie chronionych<\/p>\n\n\n\n<p>13.15-13.45 Lunch<\/p>\n\n\n\n<p>13.45-16.15 Panel III<br>Aula G\u0142\u00f3wna<br>Prowadzenie: dr hab. in\u017c. Robert Bia\u0142osk\u00f3rski, prof. uczelni<\/p>\n\n\n\n<p>13.45-14.00 dr hab. Kinga Machowicz, prof. KUL, Katolicki Uniwersytet Lubelski Jana Paw\u0142a II, Maj\u0105tkowe prawa autorskie jako no\u015bnik informacji prawnie chronionych<\/p>\n\n\n\n<p>14.00-14.15 dr Jaros\u0142aw Charchu\u0142a SJ, Uniwersytet Ignatianum w Krakowie, Poufno\u015b\u0107 informacji \u2013 perspektywa nauk socjologicznych<\/p>\n\n\n\n<p>14.15-14.30 dr Sylwia Zakrzewska, Uniwersytet w Siedlcach, Prawo do prywatno\u015bci osoby fizycznej w kontek\u015bcie dost\u0119pu do informacji publicznej<\/p>\n\n\n\n<p>14.30-14.45 dr Piotr Swoboda, Uniwersytet Komisji Edukacji Narodowej w Krakowie, Systemy ochrony informacji niejawnych i danych osobowych \u2013 podobie\u0144stwa, r\u00f3\u017cnice i wybrane problemy funkcjonowania na poziomie jednostek organizacyjnych<\/p>\n\n\n\n<p>14.45-15.00 dr in\u017c. Andrzej Wyrzykowski, W\u00f3jt Gminy Przodkowo, Wybrane aspekty zarz\u0105dzania informacj\u0105 prawnie chronion\u0105 w jednostkach samorz\u0105dowych na przyk\u0142adzie gminy Przodkowo<\/p>\n\n\n\n<p>15.00-15.15 ks. dr in\u017c. Robert Wawer SJ, Akademia Katolicka-Collegium Bobolanum w Warszawie, Charakterystyka podatno\u015bci bezpiecze\u0144stwa informacyjnego pa\u0144stwa na zagro\u017cenia na podstawie analizy wybranych incydent\u00f3w<\/p>\n\n\n\n<p>15.15-15.30 dr Joanna Lubimow, Akademia im. Jakuba z Parady\u017ca w Gorzowie Wielkopolskim, Antyukrai\u0144ska mowa nienawi\u015bci jako zagro\u017cenie dla os\u00f3b szukaj\u0105cych w Polsce schronienia<\/p>\n\n\n\n<p>15.30-15.45 p\u0142k dr Janusz Parczewski, Departament Ochrony Informacji Niejawnych Ministerstwa Obrony Narodowej, System ochrony informacji niejawnych w resorcie obrony narodowej w \u015bwietle uzyskanych wynik\u00f3w bada\u0144<\/p>\n\n\n\n<p>15.45-16.00 mgr Micha\u0142 Pawella, Najwy\u017csza Izba Kontroli, Departament Obrony Narodowej, Informacje niejawne w dzia\u0142alno\u015bci Najwy\u017cszej Izby Kontroli<br>16.00-16.15 p\u0142k dr n. med. Barbara Betiuk, Wojskowy Instytut Medyczny, Telemedycyna w \u015bwietle przepis\u00f3w o ochronie danych osobowych<\/p>\n\n\n\n<p>13.45-16.00 Panel IV<br>Sala konferencyjna I<br>Prowadzenie: dr Sylwia Zakrzewska, dr Andrzej Dana<\/p>\n\n\n\n<p>13.45-14.00 dr hab. Henryk Wyr\u0119bek, prof. uczelni, Uniwersytet w Siedlcach, Wielowymiarowo\u015b\u0107 zagro\u017ce\u0144 bezpiecze\u0144stwa informacyjnego<\/p>\n\n\n\n<p>14.00-14.15 dr Kazimierz Pawelec, Uniwersytet w Siedlcach, Moc dowodowa czynno\u015bci operacyjno-rozpoznawczych. Granice zastosowania. Postulaty de lege ferenda<\/p>\n\n\n\n<p>14.15-14.30 dr Agnieszka Warcho\u0142, Uniwersytet Komisji Edukacji Narodowej w Krakowie, Cyberbezpiecze\u0144stwo a ochrona danych osobowych. Wybrane aspekty<\/p>\n\n\n\n<p>14.30-14.45 dr Natalia Moch, Wojskowa Akademia Techniczna, Informacja jako podstawa zapewniania bezpiecze\u0144stwa w smart city<\/p>\n\n\n\n<p>14.45-15.00 dr Andrzej Dana, Uniwersytet w Siedlcach, Informacja w uj\u0119ciu normatywnym<\/p>\n\n\n\n<p>15.00-15.15 dr Katarzyna St\u0119pie\u0144, Digitmed S.A w Siedlcach, Informacja- kontekst jawny i ukryty w metodzie wywiadu<\/p>\n\n\n\n<p>15.15-15.30 dr Robert Zapart, Uniwersytet Rzeszowski, Potencja\u0142 szkole\u0144 z zakresu ochrony informacji niejawnych w profilaktyce bezpiecze\u0144stwa cyfrowego<\/p>\n\n\n\n<p>15.30-15.45 mgr \u0141ukasz Olszewski, Szko\u0142a Doktorska Uniwersytetu w Siedlcach, Bezpiecze\u0144stwo i ochrona informacji w Unii Europejskiej \u2013 stan obecny i perspektywy na przysz\u0142o\u015b\u0107<\/p>\n\n\n\n<p>15.45-16.00 Alicja Matejko, Uniwersytet Medyczny w Lublinie, Tajemnica lekarska jako rodzaj informacji prawnie chronionych<\/p>\n\n\n\n<p>13.45-16.30 Panel V<br>Sala konferencyjna II<br>Prowadzenie: dr Maryla Fa\u0142dowska, dr Daria Krzewniak<\/p>\n\n\n\n<p>13.45-14.00 prof. dr hab. Andrzej \u017bebrowski, Wy\u017csza Szko\u0142a Bezpiecze\u0144stwa Publicznego i Indywidualnego APEIRON w Krakowie, Walka o dost\u0119p do niejawnych zasob\u00f3w informacji w XXI wieku. Wybrane aspekty<\/p>\n\n\n\n<p>14.00-14.15 dr hab. W\u0142odzimierz Fehler, prof. uczelni, Uniwersytet w Siedlcach, Tajemnica komunikowania si\u0119 a bezpiecze\u0144stwo jednostki<\/p>\n\n\n\n<p>14.15-14.30 prof. dr hab. Andrzej Pieczywok, Uniwersytet Kazimierza Wielkiego w Bydgoszczy, Ochrona informacji niejawnych w relacjach Polski z pa\u0144stwami sojuszniczymi<\/p>\n\n\n\n<p>14.30-14.45 dr hab. Stanis\u0142aw Topolewski, prof. uczelni, Uniwersytet w Siedlcach, Informacja w czasie wojen i konflikt\u00f3w<\/p>\n\n\n\n<p>14.45-15.00 dr hab. Pawe\u0142 Szmitkowski, prof. uczelni, Uniwersytet w Siedlcach, Informacje niejawne w systemie zarz\u0105dzania kryzysowego<\/p>\n\n\n\n<p>15.00-15.15 prof. dr hab. Marcin Jurgilewicz, Politechnika Rzeszowska im. Ignacego \u0141ukasiewicza, Zakres i istota ochrony tajemnic informacyjnych w sektorze finansowym<\/p>\n\n\n\n<p>15.15-15.30 dr Piotr B\u0105czek, Dezinformacja jako szczeg\u00f3lny rodzaj broni informacyjnej<\/p>\n\n\n\n<p>15.30-15.45 dr Maryla Fa\u0142dowska, Uniwersytet w Siedlcach, \u015acis\u0142a tajemnica materia\u0142\u00f3w archiwalnych w odniesieniu do \u201esprawy katy\u0144skiej\u201d i jej reperkusje mi\u0119dzynarodowe<\/p>\n\n\n\n<p>15.45-16.00 dr Bogumi\u0142a Pawlaczyk, Uniwersytet Kaliski, Wykorzystanie informacji niejawnych w procesie karnym<\/p>\n\n\n\n<p>16.00-16.15 dr Daria Krzewniak, Uniwersytet w Siedlcach, Prawno-organizacyjne uwarunkowania ochrony informacji niejawnych w cyberprzestrzeni<\/p>\n\n\n\n<p>16.15-16.30 dr Agnieszka Araucz-Boruc, Uniwersytet w Siedlcach, Aktywno\u015b\u0107 m\u0142odzie\u017cy w cyberprzestrzeni a zagro\u017cenia dla bezpiecze\u0144stwa informacji<\/p>\n\n\n\n<p>SESJA POSTEROWA<br>mgr Adriana Dr\u00f3\u017cd\u017c, Sztuczna inteligencja a bezpiecze\u0144stwo informacyjne<br>Petro Beizel, Ochrona praw autorskich jak element bezpiecze\u0144stwa informacyjnego<br>Marcin Kasprzak, ZAiKS jako instytucja praw autorskich<br>Maksymilian Strzy\u017cewski, Poj\u0119cie, znaczenie i rodzaje tajemnic<br>Wojciech Januszewski, Cenzura jako instrument polityki bezpiecze\u0144stwa informacyjnego<br>Mahinbonu Isaeva, Rola medi\u00f3w spo\u0142eczno\u015bciowych w sytuacjach kryzysowych<br>Konrad Cyran, Organizacja obiegu dokument\u00f3w niejawnych w jednostce organizacyjnej<br>Yana Likhtarovich, Propaganda jako zagro\u017cenie informacyjne<br>Katsiaryna Vysotskaya, Przest\u0119pczo\u015b\u0107 internetowa<br>Adrian Kowalczyk, Kradzie\u017c to\u017csamo\u015bci jako zagro\u017cenie dla bezpiecze\u0144stwa informacyjnego<br>Maciej Tyszkiewicz, Szpiegostwo jako zagro\u017cenie dla bezpiecze\u0144stwa informacyjnego pa\u0144stwa<br>Weronika Rechnio, Stalking jako przest\u0119pstwo w sferze informacyjnej<\/p>\n\n\n\n<p>16.30 Podsumowanie i zako\u0144czenie I dnia konferencji<br>Aula G\u0142\u00f3wna<br>dr hab. Stanis\u0142aw Topolewski, prof. uczelni<br>\u2013 Przewodnicz\u0105cy Komitetu Naukowego konferencji<\/p>\n\n\n\n<p>dr hab. W\u0142odzimierz Fehler, prof. uczelni<br>\u2013 Przewodnicz\u0105cy Komitetu Organizacyjnego konferencji<\/p>\n\n\n\n<p>17 maja 2024 r.<\/p>\n\n\n\n<p>90:30-9:45 Zbi\u00f3rka pod Pa\u0142acem Kultury i Nauki<br>10:00-11:30 Zwiedzanie Narodowego Muzeum Techniki<br>12:30-13:30 Lunch (Bistro 32, ul. \u015awi\u0119tokrzyska 32, Warszawa)<\/p>\n<\/div>\n\n\n\n<div class=\"wp-block-column is-layout-flow wp-block-column-is-layout-flow\" style=\"flex-basis:25%\"><\/div>\n<\/div>","protected":false},"excerpt":{"rendered":"<p>Agenda Konferencji 16 maja 2024 r.9.00-9.20 Rejestracja uczestnik\u00f3w 9.30-9.45 Otwarcie Konferencji Aula G\u0142\u00f3wnadr hab. Malina Kaszuba, prof. uczelni \u2013 Dziekan Wydzia\u0142u Nauk Spo\u0142ecznych Uniwersytetu w Siedlcachdr Jan Tarczy\u0144ski \u2013 Dyrektor Centralnej Biblioteki Wojskowej im. marsza\u0142ka J\u00f3zefa Pi\u0142sudskiego w Warszawiedr hab. Stanis\u0142aw Topolewski, prof. uczelni \u2013 Przewodnicz\u0105cy Komitetu Naukowego konferencji wyst\u0105pienia zaproszonych Go\u015bci 9.45-11.00 Panel IAula [&hellip;]<\/p>\n","protected":false},"author":4,"featured_media":0,"parent":0,"menu_order":0,"comment_status":"closed","ping_status":"closed","template":"","meta":{"footnotes":""},"class_list":["post-2374","page","type-page","status-publish","hentry"],"_links":{"self":[{"href":"https:\/\/cyfryzacja.org\/en\/wp-json\/wp\/v2\/pages\/2374","targetHints":{"allow":["GET"]}}],"collection":[{"href":"https:\/\/cyfryzacja.org\/en\/wp-json\/wp\/v2\/pages"}],"about":[{"href":"https:\/\/cyfryzacja.org\/en\/wp-json\/wp\/v2\/types\/page"}],"author":[{"embeddable":true,"href":"https:\/\/cyfryzacja.org\/en\/wp-json\/wp\/v2\/users\/4"}],"replies":[{"embeddable":true,"href":"https:\/\/cyfryzacja.org\/en\/wp-json\/wp\/v2\/comments?post=2374"}],"version-history":[{"count":4,"href":"https:\/\/cyfryzacja.org\/en\/wp-json\/wp\/v2\/pages\/2374\/revisions"}],"predecessor-version":[{"id":2381,"href":"https:\/\/cyfryzacja.org\/en\/wp-json\/wp\/v2\/pages\/2374\/revisions\/2381"}],"wp:attachment":[{"href":"https:\/\/cyfryzacja.org\/en\/wp-json\/wp\/v2\/media?parent=2374"}],"curies":[{"name":"wp","href":"https:\/\/api.w.org\/{rel}","templated":true}]}}