{"id":1652,"date":"2024-04-26T13:09:59","date_gmt":"2024-04-26T13:09:59","guid":{"rendered":"https:\/\/cyfryzacja.org\/?page_id=1652"},"modified":"2026-02-10T19:03:31","modified_gmt":"2026-02-10T19:03:31","slug":"filmy","status":"publish","type":"page","link":"https:\/\/cyfryzacja.org\/en\/filmy\/","title":{"rendered":"Movies"},"content":{"rendered":"<div class=\"wp-block-group alignfull has-global-padding is-layout-constrained wp-container-core-group-is-layout-d89aad35 wp-block-group-is-layout-constrained\" style=\"margin-top:0;margin-bottom:0;padding-top:var(--wp--preset--spacing--50);padding-right:var(--wp--preset--spacing--50);padding-bottom:var(--wp--preset--spacing--50);padding-left:var(--wp--preset--spacing--50)\">\n<h2 class=\"wp-block-heading has-text-align-center\">Multimedia library<\/h2>\n\n\n\n<p>In this section of our website, we present current and archive audio and video material related to our activities. We invite you to join us. <\/p>\n\n\n\n<figure class=\"wp-block-embed is-type-video is-provider-youtube wp-block-embed-youtube wp-embed-aspect-16-9 wp-has-aspect-ratio\"><div class=\"wp-block-embed__wrapper\">\n<iframe loading=\"lazy\" title=\"Waldemar Jakubowski  o wynikach Polskiej Agendy Odporno\u015bci Cyfrowej 2040 w edukacji\" width=\"500\" height=\"281\" src=\"https:\/\/www.youtube.com\/embed\/trvxL-RtQa8?feature=oembed\" frameborder=\"0\" allow=\"accelerometer; autoplay; clipboard-write; encrypted-media; gyroscope; picture-in-picture; web-share\" referrerpolicy=\"strict-origin-when-cross-origin\" allowfullscreen><\/iframe>\n<\/div><figcaption class=\"wp-element-caption\">Przewodnicz\u0105cy Krajowej Sekcji O\u015bwiaty i Wychowania NSZZ Solidarno\u015b\u0107 dr Waldemar Jakubowski opowiada w pasjonuj\u0105cy spos\u00f3b o wynikach naszych bada\u0144 na konferencji w Zamo\u015bciu, kt\u00f3ra odby\u0142a si\u0119 8 lutego 2026 r.<\/figcaption><\/figure>\n\n\n\n<figure class=\"wp-block-video\"><video height=\"360\" style=\"aspect-ratio: 640 \/ 360;\" width=\"640\" controls poster=\"https:\/\/cyfryzacja.org\/wp-content\/uploads\/2025\/01\/Gosc-na-zywo-1-mp4-image.jpg\" src=\"https:\/\/cyfryzacja.org\/wp-content\/uploads\/2025\/01\/Gosc-na-zywo-1.mp4\"><\/video><figcaption class=\"wp-element-caption\">Audycja radiowa 19 stycznia 2025 r. z udzia\u0142em prof. Paw\u0142a Skrzydlewskiego \u2013 Rektor Akademii Zamojskiej i Andrzej Danilkiewicz \u2013 prezes PTC, na temat projektu <strong>\u201eBadania naukowe nad systemem dostosowania oferty szkolnictwa bran\u017cowego do potrzeb lokalnych rynk\u00f3w pracy z wykorzystaniem metod i technik predykcyjnych\u201d<\/strong>.<\/figcaption><\/figure>\n\n\n\n<figure class=\"wp-block-embed is-type-video is-provider-youtube wp-block-embed-youtube wp-embed-aspect-16-9 wp-has-aspect-ratio\"><div class=\"wp-block-embed__wrapper\">\n<iframe loading=\"lazy\" title=\"W Nowym Radiu o dzia\u0142alno\u015bci Polskiego Towarzystwa Cyfrowego\" width=\"500\" height=\"281\" src=\"https:\/\/www.youtube.com\/embed\/vNg6hePawbs?feature=oembed\" frameborder=\"0\" allow=\"accelerometer; autoplay; clipboard-write; encrypted-media; gyroscope; picture-in-picture; web-share\" referrerpolicy=\"strict-origin-when-cross-origin\" allowfullscreen><\/iframe>\n<\/div><\/figure>\n\n\n\n<figure class=\"wp-block-embed is-type-video is-provider-youtube wp-block-embed-youtube wp-embed-aspect-16-9 wp-has-aspect-ratio\"><div class=\"wp-block-embed__wrapper\">\n<iframe loading=\"lazy\" title=\"O scenariuszach i modelach biznesowych\" width=\"500\" height=\"281\" src=\"https:\/\/www.youtube.com\/embed\/6v6ODBtpkI8?feature=oembed\" frameborder=\"0\" allow=\"accelerometer; autoplay; clipboard-write; encrypted-media; gyroscope; picture-in-picture; web-share\" referrerpolicy=\"strict-origin-when-cross-origin\" allowfullscreen><\/iframe>\n<\/div><\/figure>\n\n\n\n<figure class=\"wp-block-embed is-type-video is-provider-youtube wp-block-embed-youtube wp-embed-aspect-16-9 wp-has-aspect-ratio\"><div class=\"wp-block-embed__wrapper\">\n<iframe loading=\"lazy\" title=\"O gospodarce przysz\u0142o\u015bci\" width=\"500\" height=\"281\" src=\"https:\/\/www.youtube.com\/embed\/1n3reL90JK8?feature=oembed\" frameborder=\"0\" allow=\"accelerometer; autoplay; clipboard-write; encrypted-media; gyroscope; picture-in-picture; web-share\" referrerpolicy=\"strict-origin-when-cross-origin\" allowfullscreen><\/iframe>\n<\/div><\/figure>\n\n\n\n<figure class=\"wp-block-embed is-type-video is-provider-youtube wp-block-embed-youtube wp-embed-aspect-16-9 wp-has-aspect-ratio\"><div class=\"wp-block-embed__wrapper\">\n<iframe loading=\"lazy\" title=\"Nie tylko o \u015bwiecie biznesu i scenariuszach\" width=\"500\" height=\"281\" src=\"https:\/\/www.youtube.com\/embed\/Oi3FSZmaRIo?feature=oembed\" frameborder=\"0\" allow=\"accelerometer; autoplay; clipboard-write; encrypted-media; gyroscope; picture-in-picture; web-share\" referrerpolicy=\"strict-origin-when-cross-origin\" allowfullscreen><\/iframe>\n<\/div><\/figure>\n\n\n\n<figure class=\"wp-block-embed is-type-video is-provider-youtube wp-block-embed-youtube wp-embed-aspect-16-9 wp-has-aspect-ratio\"><div class=\"wp-block-embed__wrapper\">\n<iframe loading=\"lazy\" title=\"Wyzwania zwi\u0105zane z cyfryzacj\u0105 i ich wp\u0142yw na rynek pracy\" width=\"500\" height=\"281\" src=\"https:\/\/www.youtube.com\/embed\/-as_ZoCjhzI?feature=oembed\" frameborder=\"0\" allow=\"accelerometer; autoplay; clipboard-write; encrypted-media; gyroscope; picture-in-picture; web-share\" referrerpolicy=\"strict-origin-when-cross-origin\" allowfullscreen><\/iframe>\n<\/div><\/figure>\n\n\n\n<figure class=\"wp-block-embed is-type-video is-provider-youtube wp-block-embed-youtube wp-embed-aspect-16-9 wp-has-aspect-ratio\"><div class=\"wp-block-embed__wrapper\">\n<iframe loading=\"lazy\" title=\"Wywiad z Andrzejem Danilkiewiczem i Lucjanem Paszkiewiczem o planowaniu scenariuszowym\" width=\"500\" height=\"281\" src=\"https:\/\/www.youtube.com\/embed\/N1iqxawV208?feature=oembed\" frameborder=\"0\" allow=\"accelerometer; autoplay; clipboard-write; encrypted-media; gyroscope; picture-in-picture; web-share\" referrerpolicy=\"strict-origin-when-cross-origin\" allowfullscreen><\/iframe>\n<\/div><\/figure>\n\n\n\n<figure class=\"wp-block-embed is-type-rich is-provider-soundcloud wp-block-embed-soundcloud\"><div class=\"wp-block-embed__wrapper\">\n<iframe loading=\"lazy\" title=\"Wst\u0119p do warsztat\u00f3w i paneli by PTC\" width=\"500\" height=\"400\" scrolling=\"no\" frameborder=\"no\" src=\"https:\/\/w.soundcloud.com\/player\/?visual=true&#038;url=https%3A%2F%2Fapi.soundcloud.com%2Ftracks%2F1483904764&#038;show_artwork=true&#038;maxheight=750&#038;maxwidth=500\"><\/iframe>\n<\/div><figcaption class=\"wp-element-caption\">Zapis fragment\u00f3w prezentacji i dyskusji z 18 marca 2023 roku. W trakcie spotkania podsumowano rezultaty dotychczas przeprowadzonych etap\u00f3w projektu &#8222;System oceny bada\u0144 naukowych pod k\u0105tem mo\u017cliwo\u015bci kreowania nowych modeli biznesowych&#8221;, przedstawiono wyniki bada\u0144 i wcze\u015bniejszych warsztat\u00f3w scenariuszowych. Po wyk\u0142adzie przeprowadzono pi\u0119\u0107 paneli dyskusyjnych dla ka\u017cdego scenariusza, kt\u00f3rych zadaniem by\u0142a pr\u00f3ba ich pog\u0142\u0119bienia.&nbsp;<\/figcaption><\/figure>\n\n\n\n<figure class=\"wp-block-embed is-type-rich is-provider-soundcloud wp-block-embed-soundcloud wp-embed-aspect-4-3 wp-has-aspect-ratio\"><div class=\"wp-block-embed__wrapper\">\n<iframe loading=\"lazy\" title=\"Fragmenty paneli dyskusyjnych b\u0119d\u0105cych elementami metodyki budowy scenariuszy przysz\u0142o\u015bci by PTC\" width=\"500\" height=\"450\" scrolling=\"no\" frameborder=\"no\" src=\"https:\/\/w.soundcloud.com\/player\/?visual=true&#038;url=https%3A%2F%2Fapi.soundcloud.com%2Fplaylists%2F1595893426&#038;show_artwork=true&#038;maxheight=750&#038;maxwidth=500\"><\/iframe>\n<\/div><figcaption class=\"wp-element-caption\">W ramach analiz w projekcie &#8222;System oceny bada\u0144 naukowych pod k\u0105tem mo\u017cliwo\u015bci kreowania nowych modeli biznesowych&#8221; powsta\u0142o pi\u0119\u0107 scenariuszy rozwoju globalnej sytuacji gospodarczej determinuj\u0105cych sytuacj\u0119 polskich przedsi\u0119biorstw. Paneli\u015bci stan\u0119li przed nie lada wyzwaniem polegaj\u0105cym na rozbudowie ka\u017cdej z zarysowanych wizji. Prezentowany zapis audio jest pr\u00f3b\u0105 syntetycznej dokumentacji procesu tw\u00f3rczego, kt\u00f3ry w znacz\u0105cy spos\u00f3b pozwoli\u0142 rozwin\u0105\u0107 i urozmaici\u0107 powsta\u0142e wizje.<br>Warto zaznaczy\u0107, \u017ce scenariusze przysz\u0142o\u015bci nie tworzy si\u0119 po to aby przewidzie\u0107 przysz\u0142o\u015b\u0107, lecz po to, aby przygotowa\u0107 si\u0119 na opcje, kt\u00f3rych dotychczas nie brali\u015bmy pod uwag\u0119.&nbsp;<\/figcaption><\/figure>\n<\/div>\n\n\n\n<p><\/p>\n\n\n\n<p><\/p>","protected":false},"excerpt":{"rendered":"<p>Biblioteka multimedi\u00f3w W tej cz\u0119\u015bci naszego serwisu prezentujemy aktualne i archiwalne materia\u0142y audio i wideo zwi\u0105zane z nasz\u0105 dzia\u0142alno\u015bci\u0105. Zapraszamy.<\/p>","protected":false},"author":4,"featured_media":0,"parent":0,"menu_order":0,"comment_status":"closed","ping_status":"closed","template":"","meta":{"footnotes":""},"class_list":["post-1652","page","type-page","status-publish","hentry"],"_links":{"self":[{"href":"https:\/\/cyfryzacja.org\/en\/wp-json\/wp\/v2\/pages\/1652","targetHints":{"allow":["GET"]}}],"collection":[{"href":"https:\/\/cyfryzacja.org\/en\/wp-json\/wp\/v2\/pages"}],"about":[{"href":"https:\/\/cyfryzacja.org\/en\/wp-json\/wp\/v2\/types\/page"}],"author":[{"embeddable":true,"href":"https:\/\/cyfryzacja.org\/en\/wp-json\/wp\/v2\/users\/4"}],"replies":[{"embeddable":true,"href":"https:\/\/cyfryzacja.org\/en\/wp-json\/wp\/v2\/comments?post=1652"}],"version-history":[{"count":16,"href":"https:\/\/cyfryzacja.org\/en\/wp-json\/wp\/v2\/pages\/1652\/revisions"}],"predecessor-version":[{"id":3058,"href":"https:\/\/cyfryzacja.org\/en\/wp-json\/wp\/v2\/pages\/1652\/revisions\/3058"}],"wp:attachment":[{"href":"https:\/\/cyfryzacja.org\/en\/wp-json\/wp\/v2\/media?parent=1652"}],"curies":[{"name":"wp","href":"https:\/\/api.w.org\/{rel}","templated":true}]}}